{"id":99,"date":"2016-04-16T16:53:49","date_gmt":"2016-04-16T15:53:49","guid":{"rendered":"http:\/\/www.avocat-vdb.be\/_new2015\/?page_id=99"},"modified":"2018-02-09T17:40:03","modified_gmt":"2018-02-09T16:40:03","slug":"pension-alimentaire","status":"publish","type":"page","link":"https:\/\/www.avocat-vdb.be\/fr\/domaines-dintervention\/pension-alimentaire\/","title":{"rendered":"Pension \/ contribution alimentaire pour l&rsquo;enfant"},"content":{"rendered":"<p>&nbsp;<\/p>\n<h2>La contribution alimentaire est d&rsquo;ordre public: aucun parent ne peut y renoncer<\/h2>\n<p>L\u2019obligation parentale d\u2019entretien est d\u2019ordre public: cela signifie qu&rsquo;une convention sous-seeing priv\u00e9 conclue entre les parents, au terme de laquelle l&rsquo;un d&rsquo;entre eux serait dispens\u00e9 de son obligation d&rsquo;entretien est nulle.<\/p>\n<p>&nbsp;<\/p>\n<h2>Obligation l\u00e9gale de chaque parent de contribuer \u00e0 l&rsquo;entretien de l&rsquo;enfant commun<\/h2>\n<p>Les p\u00e8re et m\u00e8re sont tenus d&rsquo;assumer, <span style=\"text-decoration: underline;\"><strong>\u00e0 proportion de leurs facult\u00e9s<\/strong><\/span>, l&rsquo;h\u00e9bergement, l&rsquo;entretien, la sant\u00e9, la surveillance, l&rsquo;\u00e9ducation, la formation et l&rsquo;\u00e9panouissement de leurs enfants.<\/p>\n<p>Par facult\u00e9s, on entend notamment tous les <strong><span style=\"text-decoration: underline;\">revenus professionnels, mobiliers et immobiliers<\/span><\/strong> des p\u00e8re et m\u00e8re, <strong>ainsi que <span style=\"text-decoration: underline;\">tous les<\/span> <span style=\"text-decoration: underline;\">avantages et autres moyens<\/span> <\/strong>qui assurent leur<strong> <span style=\"text-decoration: underline;\">niveau de vie<\/span> <\/strong>et celui des enfants.<\/p>\n<p>Chacun des p\u00e8re et m\u00e8re contribue aux frais r\u00e9sultant de l&rsquo;obligation d\u00e9finie \u00e0 l&rsquo;article 203, \u00a7 1er du Code civil, <span style=\"text-decoration: underline;\"><strong>\u00e0 concurrence de sa part dans les facult\u00e9s cumul\u00e9es:\u00a0<\/strong><\/span>chaque parent n&rsquo;est tenu que d\u2019une part de la dette, ni de la totalit\u00e9 ni de la moiti\u00e9.<\/p>\n<p>&nbsp;<\/p>\n<h2>L&rsquo;entretien de l&rsquo;enfant majeur<\/h2>\n<p>Si la formation n&rsquo;est pas achev\u00e9e, l&rsquo;obligation se poursuit apr\u00e8s la majorit\u00e9 de l&rsquo;enfant.<\/p>\n<p>L\u2019obligation d\u2019entretien ne cesse pas \u00e0 la majorit\u00e9 de l\u2019enfant mais se poursuit jusqu\u2019\u00e0 ce que sa formation soit achev\u00e9e, voire m\u00eame, dans certains cas jusqu&rsquo;\u00e0 ce que celui-ci ait trouv\u00e9 un premier emploi.<\/p>\n<p>Cela signifie qu&rsquo;en contrepartie, l&rsquo;enfant majeur \u00e9tudiant doit poursuivre ses \u00e9tudes ou sa formation avec la diligence et le s\u00e9rieux qui s&rsquo;imposent en vue d&rsquo;aboutir \u00e0 l&rsquo;autonomie \u00e9conomique et financi\u00e8re.<\/p>\n<p>&nbsp;<\/p>\n<h2>Frais ordinaires et frais extraordinaires<\/h2>\n<p>Les frais comprennent les <span style=\"text-decoration: underline;\"><strong>frais ordinaires et les frais extraordinaires<\/strong><\/span>.<\/p>\n<p>Les frais ordinaires sont les <span style=\"text-decoration: underline;\"><strong>frais habituels relatifs \u00e0 l&rsquo;entretien quotidien<\/strong><\/span> de l&rsquo;enfant.<\/p>\n<p>Par <span style=\"text-decoration: underline;\"><strong>frais extraordinaires<\/strong><\/span>, on entend les <strong>d\u00e9penses exceptionnelles, n\u00e9cessaires ou impr\u00e9visibles qui r\u00e9sultent de circonstances accidentelles ou inhabituelles et qui d\u00e9passent le budget habituel affect\u00e9 \u00e0 l&rsquo;entretien quotidien<\/strong> de l&rsquo;enfant qui a servi de base, le cas \u00e9ch\u00e9ant, \u00e0 la fixation des contributions alimentaires.<\/p>\n<p>&nbsp;<\/p>\n<h2>Le juge peut imposer aux parties d\u2019ouvrir un compte bancaire, destin\u00e9 au paiement des contributions<\/h2>\n<p>A la demande du p\u00e8re ou de la m\u00e8re, <strong>le juge peut imposer aux parties d\u2019ouvrir un <span style=\"text-decoration: underline;\">compte bancaire<\/span>, destin\u00e9 au paiement des contributions<\/strong> fix\u00e9es.<\/p>\n<p>Dans ce cas, le juge d\u00e9termine au moins :<\/p>\n<p>1\u00b0 la contribution de chacun des p\u00e8re et m\u00e8re aux frais vis\u00e9s , ainsi que les avantages sociaux revenant \u00e0 l\u2019enfant qui doivent \u00eatre vers\u00e9s sur ce compte;<\/p>\n<p>2\u00b0 le moment du mois auquel ces contributions et avantages sociaux doivent \u00eatre vers\u00e9s;<\/p>\n<p>3\u00b0 la mani\u00e8re dont il peut \u00eatre dispos\u00e9 des sommes vers\u00e9es sur ce compte;<\/p>\n<p>4\u00b0 les frais pay\u00e9s au moyen des ces sommes;<\/p>\n<p>5\u00b0 l\u2019organisation du contr\u00f4le des d\u00e9penses;<\/p>\n<p>6\u00b0 la mani\u00e8re dont les d\u00e9couverts sont apur\u00e9s;<\/p>\n<p>7\u00b0 l\u2019affectation des surplus vers\u00e9s sur ce compte. Les versements de contributions effectu\u00e9s en ex\u00e9cution de cet article sont consid\u00e9r\u00e9s comme des paiements de contributions alimentaires dans le cadre de l\u2019obligation alimentaire.<\/p>\n<p>&nbsp;<\/p>\n<h2>Ex\u00e9cution forc\u00e9e de l&rsquo;obligation d&rsquo;entretien<\/h2>\n<p>L&rsquo;obligation d&rsquo;entretien peut faire l&rsquo;objet d\u2019ex\u00e9cution forc\u00e9e en cas de non-paiement. Les dettes alimentaires sont des cr\u00e9ances privil\u00e9gi\u00e9es, elles sont prioritaires et susceptibles d&rsquo;\u00eatre r\u00e9couvr\u00e9es sur l&rsquo;ensemble des revenus du d\u00e9biteur d&rsquo;aliments.<\/p>\n<p>&nbsp;<\/p>\n<p>&nbsp;<\/p>\n","protected":false},"excerpt":{"rendered":"<p>&nbsp; La contribution alimentaire est d&rsquo;ordre public: aucun parent ne peut y renoncer L\u2019obligation parentale d\u2019entretien est d\u2019ordre public: cela signifie qu&rsquo;une convention sous-seeing priv\u00e9 conclue entre les parents, au terme de laquelle l&rsquo;un d&rsquo;entre eux serait dispens\u00e9 de son obligation d&rsquo;entretien est nulle. &nbsp; Obligation l\u00e9gale de chaque parent de contribuer \u00e0 l&rsquo;entretien de [&hellip;]<\/p>\n","protected":false},"author":1,"featured_media":44,"parent":21,"menu_order":0,"comment_status":"closed","ping_status":"closed","template":"","meta":{"_acf_changed":false,"footnotes":""},"class_list":["post-99","page","type-page","status-publish","has-post-thumbnail","hentry"],"acf":[],"_links":{"self":[{"href":"https:\/\/www.avocat-vdb.be\/fr\/wp-json\/wp\/v2\/pages\/99","targetHints":{"allow":["GET"]}}],"collection":[{"href":"https:\/\/www.avocat-vdb.be\/fr\/wp-json\/wp\/v2\/pages"}],"about":[{"href":"https:\/\/www.avocat-vdb.be\/fr\/wp-json\/wp\/v2\/types\/page"}],"author":[{"embeddable":true,"href":"https:\/\/www.avocat-vdb.be\/fr\/wp-json\/wp\/v2\/users\/1"}],"replies":[{"embeddable":true,"href":"https:\/\/www.avocat-vdb.be\/fr\/wp-json\/wp\/v2\/comments?post=99"}],"version-history":[{"count":10,"href":"https:\/\/www.avocat-vdb.be\/fr\/wp-json\/wp\/v2\/pages\/99\/revisions"}],"predecessor-version":[{"id":499,"href":"https:\/\/www.avocat-vdb.be\/fr\/wp-json\/wp\/v2\/pages\/99\/revisions\/499"}],"up":[{"embeddable":true,"href":"https:\/\/www.avocat-vdb.be\/fr\/wp-json\/wp\/v2\/pages\/21"}],"wp:featuredmedia":[{"embeddable":true,"href":"https:\/\/www.avocat-vdb.be\/fr\/wp-json\/wp\/v2\/media\/44"}],"wp:attachment":[{"href":"https:\/\/www.avocat-vdb.be\/fr\/wp-json\/wp\/v2\/media?parent=99"}],"curies":[{"name":"wp","href":"https:\/\/api.w.org\/{rel}","templated":true}]}}