{"id":96,"date":"2016-05-05T16:52:46","date_gmt":"2016-05-05T15:52:46","guid":{"rendered":"http:\/\/www.avocat-vdb.be\/_new2015\/?page_id=96"},"modified":"2024-03-27T18:06:38","modified_gmt":"2024-03-27T17:06:38","slug":"hebergement-garde-enfant","status":"publish","type":"page","link":"https:\/\/www.avocat-vdb.be\/fr\/domaines-dintervention\/hebergement-garde-enfant\/","title":{"rendered":"Garde des enfants"},"content":{"rendered":"<p>L\u2019autorit\u00e9 parentale est un effet \u00a0de la filiation,<\/p>\n<h2>Droit d\u2019\u00e9ducation et de contact avec l\u2019enfant<\/h2>\n<p>L\u2019autorit\u00e9 parentale conf\u00e8re aux parents <strong>le droit et la responsabilit\u00e9 d\u2019\u00e9duquer l\u2019enfant<\/strong>: il s\u2019agit pour les parents d\u2019une mission \u00e0 long terme, \u00e0 savoir <strong>rendre l\u2019enfant autonome<\/strong>.<\/p>\n<p>C\u2019est ainsi que les parents ont le droit de d\u00e9terminer les <strong>grandes orientations de la vie<\/strong> de leur enfant mineur, d\u2019un point de vue <strong>philosophique, politique, religieux et spirituel, scolaire, id\u00e9ologique<\/strong>, etc. Elle est exerc\u00e9e pleinement par chaque parent, mais conjointement, et ce, quelque soit les modalit\u00e9s d\u2019h\u00e9bergement mises en place.<\/p>\n<p>Concr\u00e8tement, cela comprend par exemple le choix du lieu de domicile, de l\u2019\u00e9cole, du type d\u2019enseignement suivi, la langue de la formation, le choix des traitements m\u00e9dicaux, le choix de la religion, des loisirs etc; et le cas \u00e9ch\u00e9ant sans le consentement de l\u2019enfant ou, dans certains cas, contre le refus de celui-ci.<\/p>\n<p>Cela implique pour le parent qui se voit confi\u00e9 l\u2019<strong>autorit\u00e9 parentale exclusive<\/strong> par d\u00e9cision judiciaire de tenter de\u00a0<strong>convaincre l\u2019enfant<\/strong> de se conformer \u00e0 l\u2019exercice du droit aux relations personnelles de l\u2019autre parent, <strong>voire \u00e0 l\u2019y obliger<\/strong>\u00a0sous peine, en cas de refus,\u00a0de <strong>poursuites p\u00e9nales pour non-repr\u00e9sentation d\u2019enfant.<\/strong><\/p>\n<p>&nbsp;<\/p>\n<h2>Le tribunal de la famille est seul comp\u00e9tent<\/h2>\n<p>Le tribunal de la famille est seul comp\u00e9tent <span style=\"text-decoration: underline;\"><strong>pour ordonner ou modifier, dans l\u2019int\u00e9r\u00eat de l\u2019enfant,<\/strong><\/span> toute disposition, mesure, relative \u00e0 l\u2019autorit\u00e9 parentale, (art. 387bis C. civ.): le juge \u00e0 le <strong><span style=\"text-decoration: underline;\">pouvoir\u00a0d\u2019am\u00e9nager l\u2019exercice de l\u2019autorit\u00e9 parentale<\/span><\/strong> \u00e9tabli par convention amiable ant\u00e9rieurement conclue\u00a0entre les parents ou par une pr\u00e9c\u00e9dente d\u00e9cision judiciaire, ou qui n\u2019est pas encore r\u00e9gl\u00e9 par jugement.<\/p>\n<p>La <strong><span style=\"text-decoration: underline;\">saisine du tribunal de la famille<\/span> <\/strong>est <span style=\"text-decoration: underline;\"><strong>permanente<\/strong><\/span> pour les causes touchant \u00e0 l\u2019autorit\u00e9 parentale, au droit d\u2019h\u00e9bergement et au droit aux relations peronnelles avec un enfant mineur, elles sont <span style=\"text-decoration: underline;\"><strong>r\u00e9put\u00e9es urgentes<\/strong><\/span> par la loi.<\/p>\n<p>&nbsp;<\/p>\n<h2>Audition des enfants mineurs par le tribunal de la famille en cas de proc\u00e9dure<\/h2>\n<p>La loi \u00e9rige en principe le <span style=\"text-decoration: underline;\"><strong>droit pour \u00a0tout mineur \u00a0\u00e0 \u00eatre entendu<\/strong><\/span> par un juge dans en mati\u00e8re d\u2019autorit\u00e9 parentale, de droit d\u2019h\u00e9bergement. Le mineur a toutefois le droit de refuser.<\/p>\n<ul>\n<li>Le mineur de <span style=\"text-decoration: underline;\"><strong>moins de 12\u00a0 ans <\/strong><\/span>est\u00a0entendu \u00e0 sa demande, \u00e0 la demande des parties, du minist\u00e8re public ou\u00a0d\u2019office par le juge.\u00a0Le juge peut, par d\u00e9cision motiv\u00e9e par les circonstances de la cause,\u00a0refuser de l\u2019entendre sauf lorsque la demande \u00e9mane de l\u2019enfant ou du\u00a0minist\u00e8re public.<\/li>\n<\/ul>\n<p>La d\u00e9cision de refus du juge n\u2019est susceptible d\u2019aucun recours.<\/p>\n<ul>\n<li>Le mineur \u00e2g\u00e9 de <span style=\"text-decoration: underline;\"><strong>plus de 12\u00a0ans<\/strong> <\/span>est inform\u00e9 par le juge de son droit \u00e0 \u00eatre entendu, et que <strong>le juge n\u2019est pas tenu de se conformer aux demandes formul\u00e9es par le mineur.<\/strong><\/li>\n<\/ul>\n<p>Le juge \u00e9tabli un <span style=\"text-decoration: underline;\"><strong>rapport de l\u2019entretien<\/strong><\/span> qui\u00a0est joint au dossier de la proc\u00e9dure. Les parties peuvent en prendre\u00a0connaissance et \u00a0le contenu de ce rapport peut \u00eatre utilis\u00e9 au cours de\u00a0ladite proc\u00e9dure.<\/p>\n<p>&nbsp;<\/p>\n<h2>Administration du patrimoine du mineur<\/h2>\n<p>Les parents administrent le patrimoine de leur enfant mineur \u00a0<span style=\"text-decoration: underline;\"><strong>dans l\u2019int\u00e9r\u00eat de celui-ci<\/strong><\/span>.<\/p>\n<p>Il s\u2019agit pour les parents de g\u00e9rer le patrimoine de l\u2019enfant <strong>en \u00ab\u00a0bon p\u00e8re de famille\u00a0\u00bb<\/strong>, \u00e0 le faire <span style=\"text-decoration: underline;\"><strong>fructifier, accro\u00eetre, sans jamais se l\u2019approprier<\/strong>.<\/span><\/p>\n<p>Les parents <strong><span style=\"text-decoration: underline;\">repr\u00e9sentent l\u2019enfant<\/span> <\/strong>dans l\u2019exercice de ses droits patrimoniaux et extra-patrimoniaux.<\/p>\n<p>Les parents <strong><span style=\"text-decoration: underline;\">peuvent utiliser les revenus du capital<\/span><\/strong> (non professionnels) de leur enfant mineur. Ils sont titulaires d\u2019un \u00abdroit de jouissance l\u00e9gale\u00bb (article 384 du Code civil) .<\/p>\n<p>A la majorit\u00e9 de l\u2019enfant, ils ne devront rendre compte que de l\u2019administration du capital (article 379 du Code civil).<\/p>\n<p>Certains actes d\u2019administration du patrimoine de l\u2019enfant mineur <span style=\"text-decoration: underline;\"><strong>n\u00e9cessitent l\u2019autorisation du juge de paix<\/strong><\/span>.<\/p>\n<p>L\u2019article 378 du Code civil pr\u00e9voit que les p\u00e8res et m\u00e8res doivent \u00eatre autoris\u00e9s par le juge de paix pour\u00a0:<\/p>\n<ul>\n<li><span style=\"text-decoration: underline;\"><strong>accepter une donation<\/strong><\/span> (art. 378 du Code civil \u00a0renvoyant \u00e0 l\u2019art. 410, \u00a7 1, 6\u00b0);<\/li>\n<li><span style=\"text-decoration: underline;\"><strong>acqu\u00e9rir un bien immobilier<\/strong><\/span> (art. 378 du Code civil renvoyant \u00e0 l\u2019art. 410, \u00a7 1, 9\u00b0).<\/li>\n<\/ul>\n<p>Le juge de paix saisi d\u2019une demande d\u2019autorisation d\u2019accomplir un acte (art. 410 du Code civil) peut aussi\u00a0<span style=\"text-decoration: underline;\"><strong>trancher un d\u00e9saccord entre les parents<\/strong><\/span> \u00e0 propos de l\u2019acte \u00e0 engager au nom et pour leur enfant mineur.<\/p>\n<p>Certains biens sont <span style=\"text-decoration: underline;\"><strong>pleinement administr\u00e9s par les parents<\/strong><\/span> mais leurs revenus doivent \u00eatre capitalis\u00e9s, il s\u2019agit:<\/p>\n<ul>\n<li>des biens acquis par le mineur dans l\u2019exercice d\u2019un <span style=\"text-decoration: underline;\"><strong>travail r\u00e9mun\u00e9r\u00e9<\/strong><\/span> (art. 387 Code civil);<\/li>\n<li>des biens <span style=\"text-decoration: underline;\"><strong>donn\u00e9s ou l\u00e9gu\u00e9s<\/strong><\/span> au mineur <span style=\"text-decoration: underline;\">s<strong>ous condition<\/strong><\/span> que ses<span style=\"text-decoration: underline;\"><strong> parents n\u2019en jouiront pas<\/strong> <\/span>(art. 387 Code civil);<\/li>\n<li>des biens recueillis dans une <span style=\"text-decoration: underline;\"><strong>succession de laquelle les parents sont exclus pour indignit\u00e9<\/strong><\/span> (art. 730 Code civil).<\/li>\n<\/ul>\n<p>La loi impose dans le chef des parents une obligation d\u2019entretien des enfants \u00abselon leur fortune\u00bb (art. 386, 2\u00b0 Code civil): \u00a0si la fortune des enfants g\u00e9n\u00e8re des revenus permettant aux parents de leur offrir une \u00e9ducation et une formation de niveau sup\u00e9rieur \u00e0 ce qu\u2019autorisent leurs propres revenus et ressources, ils devront affecter en priorit\u00e9 les revenus des enfants \u00e0 cette obligation d\u2019entretien.<\/p>\n<p>&nbsp;<\/p>\n<h2>H\u00e9bergement et int\u00e9r\u00eat de l&rsquo;enfant<\/h2>\n<p>Lorsque les parents ne vivent pas ensemble et qu&rsquo;ils saisissent le tribunal de leur litige, l&rsquo;<strong><span style=\"text-decoration: underline;\">accord<\/span><\/strong> relatif \u00e0 l&rsquo;h\u00e9bergement des enfants est <span style=\"text-decoration: underline;\"><strong>homologu\u00e9<\/strong><\/span> par le tribunal <strong><span style=\"text-decoration: underline;\">sauf s&rsquo;il est manifestement contraire \u00e0 l&rsquo;int\u00e9r\u00eat de l&rsquo;enfant<\/span><\/strong>.<\/p>\n<p>&nbsp;<\/p>\n<h2>Le tribunal examine prioritairement la possibilit\u00e9 d&rsquo;un h\u00e9bergement altern\u00e9 \u00e9galitaire<\/h2>\n<p>\u00c0 d\u00e9faut d&rsquo;accord, en cas d&rsquo;autorit\u00e9 parentale conjointe, le tribunal <strong><span style=\"text-decoration: underline;\">examine prioritairement<\/span><\/strong>, \u00e0 la demande d&rsquo;un des parents au moins, la possibilit\u00e9 de fixer <strong><span style=\"text-decoration: underline;\">l&rsquo;h\u00e9bergement<\/span><\/strong> de l&rsquo;enfant de mani\u00e8re <strong><span style=\"text-decoration: underline;\">\u00e9galitaire<\/span><\/strong> entre ses parents.<\/p>\n<p>Toutefois, si le tribunal estime que l&rsquo;h\u00e9bergement \u00e9galitaire n&rsquo;est pas la formule la plus appropri\u00e9e, il peut d\u00e9cider de fixer un h\u00e9bergement non \u00e9galitaire.<\/p>\n<p>&nbsp;<\/p>\n<h2>Le tribunal doit motiver sp\u00e9cialement sont jugement<\/h2>\n<p>Le tribunal statue en tout \u00e9tat de cause par un <strong><span style=\"text-decoration: underline;\">jugement sp\u00e9cialement motiv\u00e9<\/span><\/strong>, en tenant compte des circonstances concr\u00e8tes de la cause et de l&rsquo;int\u00e9r\u00eat des enfants et des parents (article 374 \u00a72 du Code civil).<\/p>\n<p>&nbsp;<\/p>\n<h2>Les mesures de contraintes en cas de non respect du droit d&rsquo;h\u00e9bergement d&rsquo;un parent par l&rsquo;autre<\/h2>\n<p>L\u2019article 387ter, \u00a7 1er, alin\u00e9a 4, du Code civil pr\u00e9voit que le juge peut autoriser la partie victime de la violation de son droit d&rsquo;h\u00e9bergement \u00e0 recourir \u00e0 des mesures de contrainte.<\/p>\n<p>Si un parent victime d\u00e9tient un jugement ex\u00e9cutoire, il peut faire appel directement \u00e0 un huissier de justice pour constater le manquement en question.<\/p>\n<p>&nbsp;<\/p>\n<h2>La reprise forc\u00e9e doit \u00eatre autoris\u00e9e par le juge<\/h2>\n<p>La reprise forc\u00e9e de l&rsquo;enfant ne peut toutefois \u00eatre ordonn\u00e9e qu\u2019\u00e0 la suite d\u2019une <strong><span style=\"text-decoration: underline;\">inex\u00e9cution flagrante et r\u00e9p\u00e9t\u00e9e<\/span> <\/strong>d&rsquo;un jugement. L\u2019autorisation du juge est requise.<\/p>\n<p>S\u2019il l\u2019estime n\u00e9cessaire, le juge peut d\u00e9signer une ou plusieurs personnes habilit\u00e9es (en g\u00e9n\u00e9ral les services de police) \u00e0 accompagner l\u2019huissier de justice, cela <strong><span style=\"text-decoration: underline;\">toujours en fonction de l\u2019<\/span><span style=\"text-decoration: underline;\"><strong>i<\/strong>nt\u00e9r\u00eat de l\u2019enfant<\/span> <\/strong>(art. 387ter, \u00a7 1er, al. 4).<\/p>\n<p>Dans la pratique, les services de police ne participeront \u00e0 l&rsquo;ex\u00e9cution forc\u00e9e de la d\u00e9cision de justice <span style=\"text-decoration: underline;\"><strong>que si le parquet\/procureur du Roi les requi\u00e8re<\/strong><\/span>.<\/p>\n<p>&nbsp;<\/p>\n<h2>L&rsquo;astreinte \/ sanction financi\u00e8re<\/h2>\n<p>L\u2019astreinte est une solution<strong><span style=\"text-decoration: underline;\"> efficace et disuasive<\/span><\/strong>. L\u2019astreinte peut \u00eatre pr\u00e9vue dans un jugement am\u00e9nageant l\u2019exercice de l\u2019h\u00e9bergement de l&rsquo;enfant, ou \u00eatre prononc\u00e9e ult\u00e9rieurement sur demande s\u00e9par\u00e9e en cas d\u2019inex\u00e9cution av\u00e9r\u00e9e d\u2019une d\u00e9cision ou d\u2019un accord homologu\u00e9 en justice.<\/p>\n","protected":false},"excerpt":{"rendered":"<p>L\u2019autorit\u00e9 parentale est un effet \u00a0de la filiation, Droit d\u2019\u00e9ducation et de contact avec l\u2019enfant L\u2019autorit\u00e9 parentale conf\u00e8re aux parents le droit et la responsabilit\u00e9 d\u2019\u00e9duquer l\u2019enfant: il s\u2019agit pour les parents d\u2019une mission \u00e0 long terme, \u00e0 savoir rendre l\u2019enfant autonome. C\u2019est ainsi que les parents ont le droit de d\u00e9terminer les grandes orientations [&hellip;]<\/p>\n","protected":false},"author":1,"featured_media":97,"parent":21,"menu_order":0,"comment_status":"closed","ping_status":"closed","template":"","meta":{"_acf_changed":false,"footnotes":""},"class_list":["post-96","page","type-page","status-publish","has-post-thumbnail","hentry"],"acf":[],"_links":{"self":[{"href":"https:\/\/www.avocat-vdb.be\/fr\/wp-json\/wp\/v2\/pages\/96","targetHints":{"allow":["GET"]}}],"collection":[{"href":"https:\/\/www.avocat-vdb.be\/fr\/wp-json\/wp\/v2\/pages"}],"about":[{"href":"https:\/\/www.avocat-vdb.be\/fr\/wp-json\/wp\/v2\/types\/page"}],"author":[{"embeddable":true,"href":"https:\/\/www.avocat-vdb.be\/fr\/wp-json\/wp\/v2\/users\/1"}],"replies":[{"embeddable":true,"href":"https:\/\/www.avocat-vdb.be\/fr\/wp-json\/wp\/v2\/comments?post=96"}],"version-history":[{"count":24,"href":"https:\/\/www.avocat-vdb.be\/fr\/wp-json\/wp\/v2\/pages\/96\/revisions"}],"predecessor-version":[{"id":866,"href":"https:\/\/www.avocat-vdb.be\/fr\/wp-json\/wp\/v2\/pages\/96\/revisions\/866"}],"up":[{"embeddable":true,"href":"https:\/\/www.avocat-vdb.be\/fr\/wp-json\/wp\/v2\/pages\/21"}],"wp:featuredmedia":[{"embeddable":true,"href":"https:\/\/www.avocat-vdb.be\/fr\/wp-json\/wp\/v2\/media\/97"}],"wp:attachment":[{"href":"https:\/\/www.avocat-vdb.be\/fr\/wp-json\/wp\/v2\/media?parent=96"}],"curies":[{"name":"wp","href":"https:\/\/api.w.org\/{rel}","templated":true}]}}