{"id":90,"date":"2016-02-10T16:50:40","date_gmt":"2016-02-10T15:50:40","guid":{"rendered":"http:\/\/www.avocat-vdb.be\/_new2015\/?page_id=90"},"modified":"2016-11-16T23:36:33","modified_gmt":"2016-11-16T22:36:33","slug":"regroupement-familial","status":"publish","type":"page","link":"https:\/\/www.avocat-vdb.be\/fr\/domaines-dintervention\/regroupement-familial\/","title":{"rendered":"Regroupement familial"},"content":{"rendered":"<p>La loi sur les \u00e9trangers du 15 d\u00e9cembre 1980 traite du regroupement familial.<\/p>\n<p>La loi distingue d\u2019une part, la famille de l\u2019\u00e9tranger ressortissant d\u2019\u00c9tat tiers et, d\u2019autre part, la famille de l\u2019Europ\u00e9en.<\/p>\n<p>&nbsp;<\/p>\n<p>Elle traite encore plus particuli\u00e8rement quatre r\u00e9gimes distincts:<\/p>\n<ul>\n<li>L\u2019\u00e9tranger dont le droit de s\u00e9jour est reconnu par un trait\u00e9 international: il s\u2019agit notamment des membres de la famille des \u00e9trangers dont le pays d\u2019origine a sign\u00e9 une convention bilat\u00e9rale avec la Belgique (Article 10, \u00a71er, 1\u00b0);<\/li>\n<li>Les membres de la famille de l\u2019\u00e9tranger ressortissant d\u2019un pays tiers autoris\u00e9 soit au s\u00e9jour \u00e0 dur\u00e9e illimit\u00e9e (art.10), soit au s\u00e9jour \u00e0 dur\u00e9e limit\u00e9e (art.10bis).;<\/li>\n<li>Les membres de la famille du citoyen europ\u00e9en ayant exerc\u00e9 le droit \u00e0 libre circulation et \u00e0 l\u2019\u00e9tablissement (Articles40 et 40bis);<\/li>\n<li>Les membres de la famille du Belge (Article40ter).<\/li>\n<\/ul>\n<h2><\/h2>\n<p>&nbsp;<\/p>\n","protected":false},"excerpt":{"rendered":"<p>La loi sur les \u00e9trangers du 15 d\u00e9cembre 1980 traite du regroupement familial. La loi distingue d\u2019une part, la famille de l\u2019\u00e9tranger ressortissant d\u2019\u00c9tat tiers et, d\u2019autre part, la famille de l\u2019Europ\u00e9en. &nbsp; Elle traite encore plus particuli\u00e8rement quatre r\u00e9gimes distincts: L\u2019\u00e9tranger dont le droit de s\u00e9jour est reconnu par un trait\u00e9 international: il s\u2019agit [&hellip;]<\/p>\n","protected":false},"author":1,"featured_media":545,"parent":21,"menu_order":0,"comment_status":"closed","ping_status":"closed","template":"","meta":{"_acf_changed":false,"footnotes":""},"class_list":["post-90","page","type-page","status-publish","has-post-thumbnail","hentry"],"acf":[],"_links":{"self":[{"href":"https:\/\/www.avocat-vdb.be\/fr\/wp-json\/wp\/v2\/pages\/90","targetHints":{"allow":["GET"]}}],"collection":[{"href":"https:\/\/www.avocat-vdb.be\/fr\/wp-json\/wp\/v2\/pages"}],"about":[{"href":"https:\/\/www.avocat-vdb.be\/fr\/wp-json\/wp\/v2\/types\/page"}],"author":[{"embeddable":true,"href":"https:\/\/www.avocat-vdb.be\/fr\/wp-json\/wp\/v2\/users\/1"}],"replies":[{"embeddable":true,"href":"https:\/\/www.avocat-vdb.be\/fr\/wp-json\/wp\/v2\/comments?post=90"}],"version-history":[{"count":10,"href":"https:\/\/www.avocat-vdb.be\/fr\/wp-json\/wp\/v2\/pages\/90\/revisions"}],"predecessor-version":[{"id":548,"href":"https:\/\/www.avocat-vdb.be\/fr\/wp-json\/wp\/v2\/pages\/90\/revisions\/548"}],"up":[{"embeddable":true,"href":"https:\/\/www.avocat-vdb.be\/fr\/wp-json\/wp\/v2\/pages\/21"}],"wp:featuredmedia":[{"embeddable":true,"href":"https:\/\/www.avocat-vdb.be\/fr\/wp-json\/wp\/v2\/media\/545"}],"wp:attachment":[{"href":"https:\/\/www.avocat-vdb.be\/fr\/wp-json\/wp\/v2\/media?parent=90"}],"curies":[{"name":"wp","href":"https:\/\/api.w.org\/{rel}","templated":true}]}}