{"id":84,"date":"2016-02-20T16:47:36","date_gmt":"2016-02-20T15:47:36","guid":{"rendered":"http:\/\/www.avocat-vdb.be\/_new2015\/?page_id=84"},"modified":"2026-03-12T12:32:15","modified_gmt":"2026-03-12T11:32:15","slug":"successions-donations-testament","status":"publish","type":"page","link":"https:\/\/www.avocat-vdb.be\/fr\/domaines-dintervention\/successions-donations-testament\/","title":{"rendered":"Successions, donations, testaments"},"content":{"rendered":"<p style=\"text-align: justify;\">Il arrive qu&rsquo;au d\u00e9c\u00e8s d&rsquo;un parent ou d&rsquo;un proche, la succession fasse na\u00eetre certains conflits de droit et d&rsquo;int\u00e9r\u00eats entre les b\u00e9n\u00e9ficaires de celle-ci.<\/p>\n<p style=\"text-align: justify;\">Bien souvent en pareil cas, la situation est complexe et difficile \u00e0 g\u00e9rer.<\/p>\n<p style=\"text-align: justify;\">Me Van den Bossche vous aidera, en collaboration avec le notaire de votre choix, \u00e0 conna\u00eetre vos droits et devoirs, \u00e0 comprendre les m\u00e9canismes de la succession et du partage.<\/p>\n<p style=\"text-align: justify;\"><strong>Si aucune solution amiable ne peut \u00eatre trouv\u00e9e, Me Van den Bossche vous conseillera et vous assistera pour d\u00e9fendre au mieux vos droits et int\u00e9r\u00eats dans le cadre de la proc\u00e9dure la plus adapt\u00e9e \u00e0 votre situation particuli\u00e8re.<\/strong><\/p>\n<p>&nbsp;<\/p>\n<h2>LES DONATIONS<\/h2>\n<p>Pour \u00eatre <strong><span style=\"text-decoration: underline;\">valable<\/span><\/strong>, une donation doit \u00eatre faite sous forme d&rsquo;un <strong><span style=\"text-decoration: underline;\">acte notari\u00e9<\/span><\/strong>, <span style=\"text-decoration: underline;\"><strong>l\u2019acceptation expresse (dans l\u2019acte ou notifi\u00e9e)<\/strong><\/span>, et \u00e9ventuellement un \u00e9tat estimatif.<\/p>\n<p>L&rsquo;ensemble de ces formalit\u00e9s sont requises <strong><span style=\"text-decoration: underline;\">\u00e0 peine de nullit\u00e9<\/span><\/strong>, sauf en ce qui concerne le don manuel d&rsquo;un meuble corporel (une somme d&rsquo;argent le plus souvent).<\/p>\n<h2>Donations authentiques<\/h2>\n<p>Les actes portant donation doivent respecter des formes prescrites par la loi \u00e0 peine de nullit\u00e9 de l\u2019acte. L\u2019acte doit \u00eatre pass\u00e9 devant un notaire au moins (C. civ., art.931; loi de vent\u00f4se, art.9). L\u2019acceptation de la donation doit \u00eatre manifest\u00e9e en termes expr\u00e8s, soit dans le m\u00eame acte que l\u2019offre de donation, soit dans un acte authentique ult\u00e9rieur qu\u2019il faut alors notifier au donateur (C. civ., art.932).<\/p>\n<p>Si la donation porte sur des meubles, elle doit \u00eatre accompagn\u00e9e d\u2019un \u00e9tat estimatif des meubles donn\u00e9s (C. civ., art.948).Toutes ces formalit\u00e9s sont requises \u00e0 peine de nullit\u00e9 de la donation (C. civ., art.1339 et 931).<\/p>\n<h2>Donations \u00e9chappant au formalisme de l&rsquo;acte authentique<\/h2>\n<p>C&rsquo;est le cas du <span style=\"text-decoration: underline;\"><strong>don manuel<\/strong><\/span> est la donation d\u2019un <span style=\"text-decoration: underline;\"><strong>meuble corporel<\/strong> <\/span>r\u00e9alis\u00e9e par la <strong><span style=\"text-decoration: underline;\">remise du bien de la main \u00e0 la main<\/span><\/strong>.<\/p>\n<p>Ce qui est essentiel \u00e0 la validit\u00e9 du don manuel, c\u2019est la mise en possession du donataire \u00e0 titre de propri\u00e9taire. Seul un meuble corporel peut faire l\u2019objet d\u2019un don manuel.<\/p>\n<p>Le don manuel reste soumis \u00e0 toutes les r\u00e8gles de fond des donations, et aux r\u00e8gles de preuve du droit commun.<\/p>\n<p>&nbsp;<\/p>\n<h2>LES TESTAMENTS<\/h2>\n<p>Pour \u00eatre <strong><span style=\"text-decoration: underline;\">valable<\/span><\/strong>, un testament doit \u00eatre fait sous forme d&rsquo;un <span style=\"text-decoration: underline;\"><strong>\u00e9crit<\/strong> <\/span>r\u00e9dig\u00e9 dans des <span style=\"text-decoration: underline;\"><strong>formes pr\u00e9cises prescrites \u00e0 peine de nullit\u00e9<\/strong><\/span>.<\/p>\n<p>Le testament <strong><span style=\"text-decoration: underline;\">olographe<\/span><\/strong> doit \u00eatre <strong>\u00e9crit, dat\u00e9 et sign\u00e9<\/strong> de la main du testateur.<\/p>\n<p>Le testament <strong><span style=\"text-decoration: underline;\">public<\/span> <\/strong>est re\u00e7u par un <strong>notaire<\/strong>, en pr\u00e9sence de <strong>deux t\u00e9moins<\/strong>, dans des <strong>formes sp\u00e9ciales<\/strong>.<\/p>\n<p>Le testament <strong><span style=\"text-decoration: underline;\">international<\/span> <\/strong>combine le testament olographe et le testament public.<\/p>\n<p>&nbsp;<\/p>\n<h2>DROITS DE SUCCESSION<\/h2>\n<p style=\"text-align: justify;\">Il convient au pr\u00e9alable de distinguer le droit de succession proprement dit et le droit de mutation par d\u00e9c\u00e8s.<\/p>\n<p style=\"text-align: justify;\">Le droit de succession est un imp\u00f4t calcul\u00e9 sur la valeur nette de la succession d&rsquo;un habitant du royaume, c&rsquo;est-\u00e0-dire sur la valeur nette de tous les biens appartenant \u00e0 la personne d\u00e9c\u00e9d\u00e9e (meubles et immeubles situ\u00e9s en Belgique et \u00e0 l&rsquo;\u00e9tranger), d\u00e9duction faite des dettes (en ce compris des imp\u00f4ts successoraux pay\u00e9s \u00e0 l&rsquo;\u00e9tranger), et des frais de fun\u00e9railles.<\/p>\n<p style=\"text-align: justify;\">L&rsquo;habitant du Royaume est celui qui, au moment de son d\u00e9c\u00e8s, y avait \u00e9tabli son domicile ou le si\u00e8ge de la gestion de sa fortune.<\/p>\n<p style=\"text-align: justify;\">Le droit de mutation par d\u00e9c\u00e8s est un imp\u00f4t qui est calcul\u00e9 sur la valeur des biens immeubles situ\u00e9s en Belgique, sans d\u00e9duction des charges, recueillis dans la succession d&rsquo;une personne n&rsquo;habitant pas le Royaume.<\/p>\n<p style=\"text-align: justify;\">Les droits de succession sont calcul\u00e9s sur base de la d\u00e9claration de succession.<\/p>\n<p>Les biens qui \u00e9taient en possession du d\u00e9funt dans les 3 ann\u00e9es pr\u00e9c\u00e9dant son d\u00e9c\u00e8s, sont pr\u00e9sum\u00e9s faire partie de son patrimoine.<\/p>\n<p>&nbsp;<\/p>\n<h2>TARIFS APPLIQUES<\/h2>\n<p style=\"text-align: justify;\">Les tarifs des droits de succession sont de la comp\u00e9tence des r\u00e9gions, et diff\u00e9rents selon que la personne d\u00e9c\u00e9d\u00e9e avait son domicile fiscal en R\u00e9gion walonne, en R\u00e9gion de Bruxelles-Capitale ou en R\u00e9gion flammande.<\/p>\n<p style=\"text-align: justify;\">Les tarifs des droits de succession sont progressifs\u00a0: ils augmentent en fonction des tranches d&rsquo;imposition qui varient d&rsquo;une r\u00e9gion \u00e0 l&rsquo;autre. Chaque r\u00e9gion dispose de son propre code des droits de succession.<\/p>\n<p style=\"text-align: justify;\">Quelque soit la r\u00e9gion concern\u00e9e, ces tarifs sont \u00e9galement diff\u00e9rents selon le lien de parent\u00e9 existant entre le d\u00e9funt et ses h\u00e9ritiers\u00a0: ainsi, les h\u00e9ritiers en ligne directe (parents et enfants, entre \u00e9poux et, sous certaines conditions, entre cohabitants) b\u00e9n\u00e9ficient des tarifs les plus bas, au contraire des autres h\u00e9ritiers qui se voient appliquer des tarifs beaucoup plus \u00e9lev\u00e9s.<\/p>\n<p>&nbsp;<\/p>\n","protected":false},"excerpt":{"rendered":"<p>Il arrive qu&rsquo;au d\u00e9c\u00e8s d&rsquo;un parent ou d&rsquo;un proche, la succession fasse na\u00eetre certains conflits de droit et d&rsquo;int\u00e9r\u00eats entre les b\u00e9n\u00e9ficaires de celle-ci. Bien souvent en pareil cas, la situation est complexe et difficile \u00e0 g\u00e9rer. Me Van den Bossche vous aidera, en collaboration avec le notaire de votre choix, \u00e0 conna\u00eetre vos droits [&hellip;]<\/p>\n","protected":false},"author":1,"featured_media":1023,"parent":21,"menu_order":0,"comment_status":"closed","ping_status":"closed","template":"","meta":{"_acf_changed":false,"footnotes":""},"class_list":["post-84","page","type-page","status-publish","has-post-thumbnail","hentry"],"acf":[],"_links":{"self":[{"href":"https:\/\/www.avocat-vdb.be\/fr\/wp-json\/wp\/v2\/pages\/84","targetHints":{"allow":["GET"]}}],"collection":[{"href":"https:\/\/www.avocat-vdb.be\/fr\/wp-json\/wp\/v2\/pages"}],"about":[{"href":"https:\/\/www.avocat-vdb.be\/fr\/wp-json\/wp\/v2\/types\/page"}],"author":[{"embeddable":true,"href":"https:\/\/www.avocat-vdb.be\/fr\/wp-json\/wp\/v2\/users\/1"}],"replies":[{"embeddable":true,"href":"https:\/\/www.avocat-vdb.be\/fr\/wp-json\/wp\/v2\/comments?post=84"}],"version-history":[{"count":17,"href":"https:\/\/www.avocat-vdb.be\/fr\/wp-json\/wp\/v2\/pages\/84\/revisions"}],"predecessor-version":[{"id":1067,"href":"https:\/\/www.avocat-vdb.be\/fr\/wp-json\/wp\/v2\/pages\/84\/revisions\/1067"}],"up":[{"embeddable":true,"href":"https:\/\/www.avocat-vdb.be\/fr\/wp-json\/wp\/v2\/pages\/21"}],"wp:featuredmedia":[{"embeddable":true,"href":"https:\/\/www.avocat-vdb.be\/fr\/wp-json\/wp\/v2\/media\/1023"}],"wp:attachment":[{"href":"https:\/\/www.avocat-vdb.be\/fr\/wp-json\/wp\/v2\/media?parent=84"}],"curies":[{"name":"wp","href":"https:\/\/api.w.org\/{rel}","templated":true}]}}