{"id":8,"date":"2015-11-18T14:57:11","date_gmt":"2015-11-18T13:57:11","guid":{"rendered":"http:\/\/www.avocat-vdb.be\/_new2015\/?page_id=8"},"modified":"2026-03-18T17:07:07","modified_gmt":"2026-03-18T16:07:07","slug":"accueil","status":"publish","type":"page","link":"https:\/\/www.avocat-vdb.be\/fr\/","title":{"rendered":"Bienvenue"},"content":{"rendered":"<h1>Me Van den Bossche est une avocate sp\u00e9cialis\u00e9e en divorce et droit de la famille depuis 1997<\/h1>\n<blockquote><p>Disponibilit\u00e9, \u00e9coute, conseils et assistance<\/p><\/blockquote>\n<p><img loading=\"lazy\" decoding=\"async\" class=\"full-width-mb alignright wp-image-1072\" src=\"https:\/\/www.avocat-vdb.be\/wp-content\/uploads\/avocat-divorce-bruxelles.jpg\" alt=\"Avocat divorce bruxelles\" width=\"332\" height=\"331\" srcset=\"https:\/\/www.avocat-vdb.be\/wp-content\/uploads\/avocat-divorce-bruxelles.jpg 1022w, https:\/\/www.avocat-vdb.be\/wp-content\/uploads\/avocat-divorce-bruxelles-350x350.jpg 350w, https:\/\/www.avocat-vdb.be\/wp-content\/uploads\/avocat-divorce-bruxelles-150x150.jpg 150w, https:\/\/www.avocat-vdb.be\/wp-content\/uploads\/avocat-divorce-bruxelles-768x766.jpg 768w, https:\/\/www.avocat-vdb.be\/wp-content\/uploads\/avocat-divorce-bruxelles-60x60.jpg 60w, https:\/\/www.avocat-vdb.be\/wp-content\/uploads\/avocat-divorce-bruxelles-95x95.jpg 95w, https:\/\/www.avocat-vdb.be\/wp-content\/uploads\/avocat-divorce-bruxelles-200x200.jpg 200w\" sizes=\"auto, (max-width: 332px) 100vw, 332px\" \/>Elle traite de tous les contentieux familiaux: proc\u00e9dures en divorce, s\u00e9paration, autorit\u00e9 parentale, h\u00e9bergement et garde des enfants, pensions alimentaires, filiation, adoption interne et internationale.<\/p>\n<p>Elle intervient dans les contentieux relatifs au patrimoine de la famille: liquidation du r\u00e9gime matrimonial, partage, lib\u00e9ralit\u00e9s, donations, successions.<\/p>\n<p>Elle d\u00e9fend les droits et int\u00e9r\u00eats de ses clients dans tous les contentieux de droit p\u00e9nal de la famille: enl\u00e8vement et non repr\u00e9sentation d&rsquo;enfants, abandon de famille, abandon d&rsquo;enfants dans le besoin.<\/p>\n<p>Dans tous les cas, Ma\u00eetre Van den Bossche et son \u00e9quipe d&rsquo;avocats sp\u00e9cialis\u00e9s en droit familial sont \u00e0 votre \u00e9coute pour vous conseiller et vous soutenir dans le cadre de ces diff\u00e9rentes proc\u00e9dures.<\/p>\n<p>Ma\u00eetre Van den Bossche conseille, assiste et repr\u00e9sente ses clients devant les Cours, Tribunaux et justices de paix de Bruxelles et de toute la Belgique.<\/p>\n<h2>Domaines d&rsquo;intervention :<\/h2>\n","protected":false},"excerpt":{"rendered":"<p>Me Van den Bossche est une avocate sp\u00e9cialis\u00e9e en divorce et droit de la famille depuis 1997 Disponibilit\u00e9, \u00e9coute, conseils et assistance Elle traite de tous les contentieux familiaux: proc\u00e9dures en divorce, s\u00e9paration, autorit\u00e9 parentale, h\u00e9bergement et garde des enfants, pensions alimentaires, filiation, adoption interne et internationale. Elle intervient dans les contentieux relatifs au patrimoine [&hellip;]<\/p>\n","protected":false},"author":1,"featured_media":733,"parent":0,"menu_order":0,"comment_status":"closed","ping_status":"closed","template":"","meta":{"_acf_changed":false,"footnotes":""},"class_list":["post-8","page","type-page","status-publish","has-post-thumbnail","hentry"],"acf":[],"_links":{"self":[{"href":"https:\/\/www.avocat-vdb.be\/fr\/wp-json\/wp\/v2\/pages\/8","targetHints":{"allow":["GET"]}}],"collection":[{"href":"https:\/\/www.avocat-vdb.be\/fr\/wp-json\/wp\/v2\/pages"}],"about":[{"href":"https:\/\/www.avocat-vdb.be\/fr\/wp-json\/wp\/v2\/types\/page"}],"author":[{"embeddable":true,"href":"https:\/\/www.avocat-vdb.be\/fr\/wp-json\/wp\/v2\/users\/1"}],"replies":[{"embeddable":true,"href":"https:\/\/www.avocat-vdb.be\/fr\/wp-json\/wp\/v2\/comments?post=8"}],"version-history":[{"count":49,"href":"https:\/\/www.avocat-vdb.be\/fr\/wp-json\/wp\/v2\/pages\/8\/revisions"}],"predecessor-version":[{"id":1099,"href":"https:\/\/www.avocat-vdb.be\/fr\/wp-json\/wp\/v2\/pages\/8\/revisions\/1099"}],"wp:featuredmedia":[{"embeddable":true,"href":"https:\/\/www.avocat-vdb.be\/fr\/wp-json\/wp\/v2\/media\/733"}],"wp:attachment":[{"href":"https:\/\/www.avocat-vdb.be\/fr\/wp-json\/wp\/v2\/media?parent=8"}],"curies":[{"name":"wp","href":"https:\/\/api.w.org\/{rel}","templated":true}]}}