{"id":47,"date":"2015-12-20T15:53:17","date_gmt":"2015-12-20T14:53:17","guid":{"rendered":"http:\/\/www.avocat-vdb.be\/_new2015\/?page_id=47"},"modified":"2018-02-09T17:48:24","modified_gmt":"2018-02-09T16:48:24","slug":"droit-de-la-famille","status":"publish","type":"page","link":"https:\/\/www.avocat-vdb.be\/fr\/domaines-dintervention\/droit-de-la-famille\/","title":{"rendered":"Droit p\u00e9nal de la famille"},"content":{"rendered":"<h2>ABANDON D&rsquo;ENFANT<\/h2>\n<p>L&rsquo;article 424 du Code P\u00e9nal punit les p\u00e8re ou m\u00e8re ou adoptants qui abandonnent leur enfant dans le besoin, encore qu\u2019il n\u2019ait pas \u00e9t\u00e9 laiss\u00e9 seul, qui refusent de le reprendre ou qui refusent de payer \u00e0 son entretien lorsqu\u2019ilsl\u2019ont confi\u00e9 \u00e0 un tiers ou qu\u2019il a \u00e9t\u00e9 confi\u00e9 \u00e0 un tiers par d\u00e9cision judiciaire.<\/p>\n<p>La situation est celle de l&rsquo;enfant abandonn\u00e9 dans un \u00e9tat de besoin.<\/p>\n<p>Le besoin auquel il est fait r\u00e9f\u00e9rence peut \u00eatre physique, alimentaire ou moral.<\/p>\n<p>&nbsp;<\/p>\n<h2>ABANDON DE FAMILLE<\/h2>\n<p>Pour qu&rsquo;un tribunal juge qu&rsquo;il y ait abandon de famille, il faut \u00eatre en pr\u00e9sence:<\/p>\n<ul>\n<li>d&rsquo;une obligation alimentaire pr\u00e9vue par la loi, \u00a0fond\u00e9e sur l\u2019alliance, la filiation ou la paternit\u00e9 pr\u00e9sum\u00e9e;<\/li>\n<li>du non-respect d\u2019une d\u00e9cision judiciaire devenue d\u00e9finitive ou le non-respect d\u2019une convention dans le cadre d\u2019un divorce par consentement mutuel;<\/li>\n<li>du non paiement pendant plus de deux mois de cette obligation alimentaire.<\/li>\n<\/ul>\n<p>&nbsp;<\/p>\n<h2>NON REPRESENTATION D&rsquo;ENFANT PAR UN PARENT<\/h2>\n<p>L&rsquo;article 432 du Code p\u00e9nal sanctionne la violation par un parent d&rsquo;une d\u00e9cision judiciaire statuant sur l\u2019h\u00e9bergement de l\u2019enfant mineur.<\/p>\n<p>Il peut s&rsquo;agir d&rsquo;une d\u00e9cision rendue par une juridiction belge ou \u00e9manant d&rsquo;une juridiction \u00e9trang\u00e8re (pour autant que cette derni\u00e8re ait fait l&rsquo;objet d&rsquo;une ex\u00e9quature).<\/p>\n<p>Les faits materialisant la violation de la d\u00e9cision judiciaire sont la soustraction, la tentative de soustraction, la non-repr\u00e9sentation et l\u2019enl\u00e8vement de l\u2019enfant, m\u00eame avec le consentement de ce dernier. Ainsi, la Cour de cassation a-t-elle estim\u00e9 que constituait une abstention coupable au sens de l\u2019article 432 du Code p\u00e9nal, le fait pour un parent de s&rsquo;abstenir de raisonner ou \u00a0de tenter de convaincre les enfants de respecter les modalit\u00e9s d&rsquo;h\u00e9bergement chez l&rsquo;autre parent pr\u00e9vues dans une d\u00e9cision judiciaire.<\/p>\n<p>&nbsp;<\/p>\n<p>&nbsp;<\/p>\n","protected":false},"excerpt":{"rendered":"<p>ABANDON D&rsquo;ENFANT L&rsquo;article 424 du Code P\u00e9nal punit les p\u00e8re ou m\u00e8re ou adoptants qui abandonnent leur enfant dans le besoin, encore qu\u2019il n\u2019ait pas \u00e9t\u00e9 laiss\u00e9 seul, qui refusent de le reprendre ou qui refusent de payer \u00e0 son entretien lorsqu\u2019ilsl\u2019ont confi\u00e9 \u00e0 un tiers ou qu\u2019il a \u00e9t\u00e9 confi\u00e9 \u00e0 un tiers par [&hellip;]<\/p>\n","protected":false},"author":1,"featured_media":547,"parent":21,"menu_order":0,"comment_status":"closed","ping_status":"closed","template":"","meta":{"_acf_changed":false,"footnotes":""},"class_list":["post-47","page","type-page","status-publish","has-post-thumbnail","hentry"],"acf":[],"_links":{"self":[{"href":"https:\/\/www.avocat-vdb.be\/fr\/wp-json\/wp\/v2\/pages\/47","targetHints":{"allow":["GET"]}}],"collection":[{"href":"https:\/\/www.avocat-vdb.be\/fr\/wp-json\/wp\/v2\/pages"}],"about":[{"href":"https:\/\/www.avocat-vdb.be\/fr\/wp-json\/wp\/v2\/types\/page"}],"author":[{"embeddable":true,"href":"https:\/\/www.avocat-vdb.be\/fr\/wp-json\/wp\/v2\/users\/1"}],"replies":[{"embeddable":true,"href":"https:\/\/www.avocat-vdb.be\/fr\/wp-json\/wp\/v2\/comments?post=47"}],"version-history":[{"count":9,"href":"https:\/\/www.avocat-vdb.be\/fr\/wp-json\/wp\/v2\/pages\/47\/revisions"}],"predecessor-version":[{"id":691,"href":"https:\/\/www.avocat-vdb.be\/fr\/wp-json\/wp\/v2\/pages\/47\/revisions\/691"}],"up":[{"embeddable":true,"href":"https:\/\/www.avocat-vdb.be\/fr\/wp-json\/wp\/v2\/pages\/21"}],"wp:featuredmedia":[{"embeddable":true,"href":"https:\/\/www.avocat-vdb.be\/fr\/wp-json\/wp\/v2\/media\/547"}],"wp:attachment":[{"href":"https:\/\/www.avocat-vdb.be\/fr\/wp-json\/wp\/v2\/media?parent=47"}],"curies":[{"name":"wp","href":"https:\/\/api.w.org\/{rel}","templated":true}]}}