{"id":36,"date":"2016-01-05T15:49:10","date_gmt":"2016-01-05T14:49:10","guid":{"rendered":"http:\/\/www.avocat-vdb.be\/_new2015\/?page_id=36"},"modified":"2018-02-09T17:46:49","modified_gmt":"2018-02-09T16:46:49","slug":"concubinage-cohabitation-legale","status":"publish","type":"page","link":"https:\/\/www.avocat-vdb.be\/fr\/domaines-dintervention\/concubinage-cohabitation-legale\/","title":{"rendered":"Concubinage &#038; cohabitation l\u00e9gale"},"content":{"rendered":"<h2>Cohabitation l\u00e9gale<\/h2>\n<p>Deux personnes qui vivent ensemble peuvent faire une d\u00e9claration conjointe \u00e9crite de cohabitation l\u00e9gale aupr\u00e8s de l&rsquo;officier de l&rsquo;\u00e9tat civil du domicile commun: elles deviennent alors des cohabitants l\u00e9gaux (articles 1475 et 1476 C. civ).<\/p>\n<p>La d\u00e9claration de cohabitation l\u00e9gale conf\u00e8re \u00e0 ces deux personnes une certaine protection juridique (article 1477 C. civ.).<\/p>\n<h2>Droits et devoirs des cohabitants<\/h2>\n<h3>Protection du logement familial<\/h3>\n<p>L&rsquo;immeuble b\u00e9n\u00e9ficiant de la protection est celui servant au logement commun, les meubles le garnissant sont \u00e9galement prot\u00e9g\u00e9s.<\/p>\n<p>Cela signifie qu&rsquo;un cohabitant l\u00e9gal seul ne peut disposer \u00e0 sa guise de cet immeuble: il ne peut pas, sans le consentement pr\u00e9alable de l&rsquo;autre, vendre, donner ou constituer une hypoth\u00e8que sur le logement.<\/p>\n<p>Si un des cohabitants refuse son consentement sans raison ou motif valable, le juge comp\u00e9tent pourra \u00eatre saisi et autoriser l&rsquo;autre cohabitant \u00e0 agir seul.<\/p>\n<h3>Contribution aux charges de la vie commune<\/h3>\n<p>Tout comme les couples mari\u00e9s, les cohabitants doivent contribuer aux charges de la vie commune, \u00e0 proportion de leurs capacit\u00e9s financi\u00e8res respectives.<\/p>\n<p>Cette obligation est \u00e9galement d&rsquo;application pour les frais d&rsquo;entretien, d&rsquo;\u00e9ducation et de formation des enfants faisant partie du m\u00e9nage, qu&rsquo;il s&rsquo;agisse d&rsquo;enfants communs ou non.<\/p>\n<h3>L&rsquo;obligation solidaire de participer \u00e0 certaines dette<\/h3>\n<p>\u00c0 chaque fois qu&rsquo;un des cohabitants contracte une dette indispensable pour les besoins de la vie commune ou pour les enfants qu&rsquo;ils \u00e9l\u00e8vent ensemble, l&rsquo;autre sera \u00e9galement tenu par cette dette.<\/p>\n<h2>Tribunal de la famille comp\u00e9tent en cas de conflit<\/h2>\n<p>Si l&rsquo;entente entre les cohabitants est s\u00e9rieusement perturb\u00e9e, le tribunal de la famille peut \u00eatre saisi et ordonner des mesures urgentes et provisoires qui peuvent concerner notamment :<\/p>\n<ul>\n<li>l&rsquo;occupation de la r\u00e9sidence commune;<\/li>\n<li>les biens des cohabitants;<\/li>\n<li>les enfants communs;<\/li>\n<\/ul>\n","protected":false},"excerpt":{"rendered":"<p>Cohabitation l\u00e9gale Deux personnes qui vivent ensemble peuvent faire une d\u00e9claration conjointe \u00e9crite de cohabitation l\u00e9gale aupr\u00e8s de l&rsquo;officier de l&rsquo;\u00e9tat civil du domicile commun: elles deviennent alors des cohabitants l\u00e9gaux (articles 1475 et 1476 C. civ). La d\u00e9claration de cohabitation l\u00e9gale conf\u00e8re \u00e0 ces deux personnes une certaine protection juridique (article 1477 C. civ.). [&hellip;]<\/p>\n","protected":false},"author":1,"featured_media":530,"parent":21,"menu_order":0,"comment_status":"closed","ping_status":"closed","template":"","meta":{"_acf_changed":false,"footnotes":""},"class_list":["post-36","page","type-page","status-publish","has-post-thumbnail","hentry"],"acf":[],"_links":{"self":[{"href":"https:\/\/www.avocat-vdb.be\/fr\/wp-json\/wp\/v2\/pages\/36","targetHints":{"allow":["GET"]}}],"collection":[{"href":"https:\/\/www.avocat-vdb.be\/fr\/wp-json\/wp\/v2\/pages"}],"about":[{"href":"https:\/\/www.avocat-vdb.be\/fr\/wp-json\/wp\/v2\/types\/page"}],"author":[{"embeddable":true,"href":"https:\/\/www.avocat-vdb.be\/fr\/wp-json\/wp\/v2\/users\/1"}],"replies":[{"embeddable":true,"href":"https:\/\/www.avocat-vdb.be\/fr\/wp-json\/wp\/v2\/comments?post=36"}],"version-history":[{"count":6,"href":"https:\/\/www.avocat-vdb.be\/fr\/wp-json\/wp\/v2\/pages\/36\/revisions"}],"predecessor-version":[{"id":532,"href":"https:\/\/www.avocat-vdb.be\/fr\/wp-json\/wp\/v2\/pages\/36\/revisions\/532"}],"up":[{"embeddable":true,"href":"https:\/\/www.avocat-vdb.be\/fr\/wp-json\/wp\/v2\/pages\/21"}],"wp:featuredmedia":[{"embeddable":true,"href":"https:\/\/www.avocat-vdb.be\/fr\/wp-json\/wp\/v2\/media\/530"}],"wp:attachment":[{"href":"https:\/\/www.avocat-vdb.be\/fr\/wp-json\/wp\/v2\/media?parent=36"}],"curies":[{"name":"wp","href":"https:\/\/api.w.org\/{rel}","templated":true}]}}