{"id":23,"date":"2016-05-10T15:13:52","date_gmt":"2016-05-10T14:13:52","guid":{"rendered":"http:\/\/www.avocat-vdb.be\/_new2015\/?page_id=23"},"modified":"2018-05-23T10:24:35","modified_gmt":"2018-05-23T09:24:35","slug":"mediation-familiale","status":"publish","type":"page","link":"https:\/\/www.avocat-vdb.be\/fr\/domaines-dintervention\/mediation-familiale\/","title":{"rendered":"M\u00e9diation familiale"},"content":{"rendered":"<h2>La m\u00e9diation familiale: un processus volontaire et libre<\/h2>\n<p>La m\u00e9diation familiale est un processus volontaire d\u00e9cid\u00e9 par les parties pour r\u00e9gler un conflit familial.<\/p>\n<p>Il peut s&rsquo;agir du r\u00e8glement d&rsquo;un divorce, d&rsquo;une s\u00e9paration, de la cessation d&rsquo;une cohabitation l\u00e9gale, d&rsquo;un litige relatif \u00e0 l&rsquo;h\u00e9bergement des enfants, aux pensions alimentaires, \u00e0 l&rsquo;autorit\u00e9 parentale, \u00e0 la liquidation du r\u00e9gime matrimonial, \u00e0 une succession, etc.<\/p>\n<p>Personne ne peut obliger les parties \u00e0 participer \u00e0 une m\u00e9diation familiale.<\/p>\n<p>Les parties peuvent avoir recours \u00e0 la m\u00e9diation \u00e0 tout moment: avant, pendant et apr\u00e8s une proc\u00e9dure. La participation \u00e0 un processus de m\u00e9diation en cours de proc\u00e9dure judiciaire \u00e0 pour effet de suspendre celle-ci le temps de la m\u00e9diation.<\/p>\n<p>En cas d&rsquo;\u00e9chec de la m\u00e9diation, la partie la plus diligente est libre de lancer ou de reprendre une proc\u00e9dure judiciaire.<\/p>\n<h2>Confidentialit\u00e9 la plus stricte<\/h2>\n<p>Tout ce qui est dit et \u00e9chang\u00e9 (documents, courriers, e-mails etc.) pendant le processus de m\u00e9diation est soumis \u00e0 la confidentialit\u00e9 la plus stricte. Les parties ne pourront les utiliser ou les reproduire ult\u00e9rieurement dans le cadre d&rsquo;une proc\u00e9dure judiciaire.<\/p>\n<p>Les parties sont donc soumises \u00e0 la confidentialit\u00e9 la plus stricte, tout comme le m\u00e9diateur qui est soumis quant \u00e0 lui au secret professionnel absolu.<\/p>\n<h2>R\u00f4le du m\u00e9diateur<\/h2>\n<p>Le m\u00e9diateur est un tiers neutre, impartial et ind\u00e9pendant, librement choisi par les parties.<\/p>\n<p>Le m\u00e9diateur familial aide les parties \u00e0 trouver en elles-m\u00eames, par elles-m\u00eames, la solution \u00e0 leur conflit: il permet aux parties de renouer un dialogue, \u00e0 communiquer et ainsi \u00e0 appaiser les tensions qui les emp\u00eachaient jusqu&rsquo;alors d&rsquo;avancer vers une solution n\u00e9goci\u00e9e dans un climat appais\u00e9.<\/p>\n<h2>Respect et ex\u00e9cution de l&rsquo;accord de m\u00e9diation<\/h2>\n<p>L&rsquo;accord de m\u00e9diation sera d&rsquo;autant plus accept\u00e9 et respect\u00e9 par les parties qu&rsquo;elles l&rsquo;ont \u00e9labor\u00e9 elles-m\u00eames avec l&rsquo;aide du m\u00e9diateur.<\/p>\n<p>Une fois l&rsquo;accord de m\u00e9diation intervenu, l&rsquo;une ou l&rsquo;autre des parties seule, les parties ensemble ou leurs avocats peuvent solliciter du tribunal comp\u00e9tent l&rsquo;homologation de cet accord afin de lui donner la force d&rsquo;un jugement.<\/p>\n<p><strong>Seuls les accords conclus avec un m\u00e9diateur agr\u00e9\u00e9 par la Commission f\u00e9d\u00e9rale de m\u00e9diation peuvent en principe \u00eatre d\u00e9clar\u00e9s authentiques et ex\u00e9cutoires, c&rsquo;est-\u00e0-dire recevoir la m\u00eame force qu&rsquo;un jugement, sans que leur contenu ne soit remis en question.<\/strong><\/p>\n<p>En cas de non respect de l&rsquo;accord par une partie, l&rsquo;autre peut l&rsquo;y contraindre, au besoin par l&rsquo;intervention d&rsquo;un huissier de justice.<\/p>\n<h2>Les avantages de la m\u00e9diation familiale<\/h2>\n<ul>\n<li><strong>co\u00fbt:<\/strong> les frais et honoraires du m\u00e9diateur familial ne sont pas soumis \u00e0 la TVA de 21% et sont partag\u00e9s \u00e0 parts \u00e9gales entre parties (contrairement \u00e0 la proc\u00e9dure judiciaire qui n\u00e9cessite 2 avocats, des frais de justice (frais d&rsquo;huissier, d&rsquo;enr\u00f4lement etc&#8230;);<\/li>\n<li><strong>rapidit\u00e9:<\/strong> le processus de m\u00e9diation est g\u00e9n\u00e9ralement rapide et peut \u00eatre r\u00e9gl\u00e9 en quelques semaines (alors qu&rsquo;une proc\u00e9dure judiciaire dure g\u00e9n\u00e9ralement des mois, voire des ann\u00e9es);<\/li>\n<li><strong>acceptation et ex\u00e9cution de l&rsquo;accord:<\/strong> l&rsquo;accord sera g\u00e9n\u00e9ralement bien respect\u00e9 par les parties puisqu&rsquo;elles en sont \u00e0 l&rsquo;origine (alors qu&rsquo;une d\u00e9cision de justice \u00e9chappe totalement aux parties: c&rsquo;est un tribunal qui tranche le conflit \u00e0 la place des parties dans un sens ou dans un autre&#8230;).<\/li>\n<\/ul>\n","protected":false},"excerpt":{"rendered":"<p>La m\u00e9diation familiale: un processus volontaire et libre La m\u00e9diation familiale est un processus volontaire d\u00e9cid\u00e9 par les parties pour r\u00e9gler un conflit familial. Il peut s&rsquo;agir du r\u00e8glement d&rsquo;un divorce, d&rsquo;une s\u00e9paration, de la cessation d&rsquo;une cohabitation l\u00e9gale, d&rsquo;un litige relatif \u00e0 l&rsquo;h\u00e9bergement des enfants, aux pensions alimentaires, \u00e0 l&rsquo;autorit\u00e9 parentale, \u00e0 la liquidation [&hellip;]<\/p>\n","protected":false},"author":1,"featured_media":554,"parent":21,"menu_order":0,"comment_status":"closed","ping_status":"closed","template":"","meta":{"_acf_changed":false,"footnotes":""},"class_list":["post-23","page","type-page","status-publish","has-post-thumbnail","hentry"],"acf":[],"_links":{"self":[{"href":"https:\/\/www.avocat-vdb.be\/fr\/wp-json\/wp\/v2\/pages\/23","targetHints":{"allow":["GET"]}}],"collection":[{"href":"https:\/\/www.avocat-vdb.be\/fr\/wp-json\/wp\/v2\/pages"}],"about":[{"href":"https:\/\/www.avocat-vdb.be\/fr\/wp-json\/wp\/v2\/types\/page"}],"author":[{"embeddable":true,"href":"https:\/\/www.avocat-vdb.be\/fr\/wp-json\/wp\/v2\/users\/1"}],"replies":[{"embeddable":true,"href":"https:\/\/www.avocat-vdb.be\/fr\/wp-json\/wp\/v2\/comments?post=23"}],"version-history":[{"count":12,"href":"https:\/\/www.avocat-vdb.be\/fr\/wp-json\/wp\/v2\/pages\/23\/revisions"}],"predecessor-version":[{"id":536,"href":"https:\/\/www.avocat-vdb.be\/fr\/wp-json\/wp\/v2\/pages\/23\/revisions\/536"}],"up":[{"embeddable":true,"href":"https:\/\/www.avocat-vdb.be\/fr\/wp-json\/wp\/v2\/pages\/21"}],"wp:featuredmedia":[{"embeddable":true,"href":"https:\/\/www.avocat-vdb.be\/fr\/wp-json\/wp\/v2\/media\/554"}],"wp:attachment":[{"href":"https:\/\/www.avocat-vdb.be\/fr\/wp-json\/wp\/v2\/media?parent=23"}],"curies":[{"name":"wp","href":"https:\/\/api.w.org\/{rel}","templated":true}]}}