{"id":15,"date":"2015-11-18T15:03:33","date_gmt":"2015-11-18T14:03:33","guid":{"rendered":"http:\/\/www.avocat-vdb.be\/_new2015\/?page_id=15"},"modified":"2016-10-12T09:20:28","modified_gmt":"2016-10-12T08:20:28","slug":"faq","status":"publish","type":"page","link":"https:\/\/www.avocat-vdb.be\/fr\/faq\/","title":{"rendered":"FAQ"},"content":{"rendered":"<div class=\"title_code\">Qui peut  divorcer en Belgique ?<\/div>\n        <div class=\"content_code\">\n<p>Les proc\u00e9dures familiales en Belgique, et notamment le divorce, sont soumises au R\u00e8glement europ\u00e9en (CE) n\u00b0220 1\/2003 du Conseil du 27.11.2003 relatif \u00e0 la comp\u00e9tence, la reconnaissance et l&rsquo;ex\u00e9cution des d\u00e9cisions en mati\u00e8re matrimoniale et en mati\u00e8re de responsabilit\u00e9 parentale.<\/p>\n<p>L&rsquo;article 3 de ce r\u00e8glement pr\u00e9voit plusieurs situations dans lesquelles le demandeur peut divorcer en Belgique:<\/p>\n<ul>\n<li>si la r\u00e9sidence habituelle des \u00e9poux est en Belgique;<\/li>\n<li>si la derni\u00e8re r\u00e9sidence habituelle des \u00e9poux est en Belgique dans la mesure o\u00f9 l&rsquo;un d&rsquo;eux y r\u00e9side encore;<\/li>\n<li>si les deux \u00e9poux ont la nationalit\u00e9 belge, quand bien m\u00eame ils habitent \u00e0 l&rsquo;\u00e9tranger.<\/li>\n<li>si la r\u00e9sidence habituelle du d\u00e9fendeur est en Belgique;<\/li>\n<li>en cas de demande conjointe, si la r\u00e9sidence habituelle de l&rsquo;un ou l&rsquo;autre \u00e9poux est en Belgique;<\/li>\n<li>si la r\u00e9sidence habituelle du demandeur est en Belgique et s&rsquo;il y a r\u00e9sid\u00e9 depuis au moins une ann\u00e9e imm\u00e9diatement avant l&rsquo;introduction de la demande;<\/li>\n<li>si la r\u00e9sidence habituelle du demandeur est en Belgique s&rsquo;il y a r\u00e9sid\u00e9 depuis au moins six mois imm\u00e9diatement avant l&rsquo;introduction de la demande et s&rsquo;il est de nationalit\u00e9 belge;<\/li>\n<\/ul>\n<p><\/div><div class=\"title_code\">Quelle est la dur\u00e9e d'un divorce?<\/div>\n        <div class=\"content_code\"><\/p>\n<p>Tout d\u00e9pend de la proc\u00e9dure de divorce choisie.<\/p>\n<p>En cas de divorce \u00e0 l&rsquo;amiable, c&rsquo;est-\u00e0-dire dans le cas d&rsquo;un consentement mutuel ou d&rsquo;une requ\u00eate conjointe pour s\u00e9paration de fait de plus de 6 mois, la proc\u00e9dure est relativement rapide.<\/p>\n<h2>Divorce par consentement mutuel<\/h2>\n<p>Les \u00e9poux sont convoqu\u00e9s devant le juge comp\u00e9tent pour une premi\u00e8re comparution dans le mois du d\u00e9p\u00f4t de la requ\u00eate introductive d&rsquo;instance.<\/p>\n<p>En principe, les \u00e9poux devront compara\u00eetre deux fois: une premi\u00e8re fois lors de la premi\u00e8re convocation \u00e0 l&rsquo;audience d&rsquo;introduction, puis une deuxi\u00e8me fois au minimum 3 mois apr\u00e8s la premi\u00e8re comparution.<\/p>\n<p>La loi de 2007 permet, sous certaines conditions, d&rsquo;acc\u00e9l\u00e9rer la proc\u00e9dure en divorce. Ainsi, si au jour de la demande, les \u00e9poux sont d\u00e9j\u00e0 s\u00e9par\u00e9s de fait depuis plus de 6 mois, ils ne devront compara\u00eetre qu&rsquo;une seule fois devant le juge: la premi\u00e8re comparution suffira.<\/p>\n<h2>Divorce pour s\u00e9paration de fait de plus de 6 mois<\/h2>\n<p>Si les deux \u00e9poux sont d&rsquo;accord pour divorcer, ils peuvent introduire, sur requ\u00eate conjointe, le divorce sur base d&rsquo;une s\u00e9paration de fait de plus de 6 mois. Il suffit pour eux d&rsquo;apporter la preuve qu&rsquo;ils sont s\u00e9par\u00e9s depuis plus de six mois : le juge est alors oblig\u00e9 de prononcer le divorce imm\u00e9diatement.<\/p>\n<p>S&rsquo;ils ne sont pas s\u00e9par\u00e9s depuis plus de six mois au jour de l&rsquo;audience d&rsquo;introduction de la proc\u00e9dure en divorce, le juge fixe alors une nouvelle comparution \u00e0 une deuxi\u00e8me audience qui aura lieu trois mois apr\u00e8s la premi\u00e8re (article 229\u00a72 C.civ. et 1255, \u00a71 C. jud.).<\/p>\n<h2>Divorces contentieux<\/h2>\n<p>En revanche, en cas de divorce contentieux &#8211; c&rsquo;est \u00e0 dire les autres types de divorces &#8211; le d\u00e9lai sera plus long.<\/p>\n<p><\/div><div class=\"title_code\">Comment calcule-t-on le montant de la pension alimentaire apr\u00e8s divorce?<\/div>\n        <div class=\"content_code\"><br \/>\nLa loi pr\u00e9cise que:<\/p>\n<p>\u00ab\u00a0Le tribunal fixe le montant de la pension alimentaire qui doit couvrir au moins l&rsquo;\u00e9tat de besoin du b\u00e9n\u00e9ficiaire.<\/p>\n<p>Le juge tient compte des revenus et possibilit\u00e9s des conjoints et de la d\u00e9gradation significative de la situation \u00e9conomique du b\u00e9n\u00e9ficiaire. Pour appr\u00e9cier cette d\u00e9gradation, le juge se fonde notamment sur la dur\u00e9e du mariage, l&rsquo;\u00e2ge des parties, leur comportement durant le mariage quant \u00e0 l&rsquo;organisation de leurs besoins, la charge des enfants pendant la vie commune ou apr\u00e8s celle-ci. Le juge peut d\u00e9cider le cas \u00e9ch\u00e9ant que la pension sera d\u00e9gressive et d\u00e9terminer dans quelle mesure elle le sera\u00a0\u00bb.<\/p>\n<p>La pension alimentaire ne peut exc\u00e9der le tiers des revenus nets (salaire ou revenus professionnels nets d&rsquo;imp\u00f4ts et de cotisations sociales) du conjoint d\u00e9biteur.<br \/>\n<\/div><div class=\"title_code\">Pendant combien de temps la pension alimentaire doit-elle \u00eatre vers\u00e9e?<\/div>\n        <div class=\"content_code\"><br \/>\nLa dur\u00e9e de la pension alimentaire ne peut \u00eatre, en principe, sup\u00e9rieure \u00e0 la dur\u00e9e du mariage.<\/p>\n<p>Toutefois, la loi pr\u00e9voit qu&rsquo;en cas de circonstances exceptionnelles, si le b\u00e9n\u00e9ficiaire d\u00e9montre qu&rsquo;\u00e0 l&rsquo;expiration du d\u00e9lai pr\u00e9vu, il reste, pour des raisons ind\u00e9pendants de sa volont\u00e9, dans un \u00e9tat de besoin, le tribunal peut prolonger le d\u00e9lai. Dans ce cas, le montant de la pension alimentaire correspond au montant n\u00e9cessaire pour couvrir l&rsquo;\u00e9tat de besoin du b\u00e9n\u00e9ficiaire.<\/p>\n<p><\/div><div class=\"title_code\">Peut-on d\u00e9duire les montants de la pension alimentaire vers\u00e9s?<\/div>\n        <div class=\"content_code\"><br \/>\nOui, la pension alimentaire est d\u00e9ductible fiscalement \u00e0 concurrence de 80 % des revenus du d\u00e9biteur.<\/p>\n<p><\/div><div class=\"title_code\">Le b\u00e9n\u00e9ficiaire de la pension alimentaire est -il tax\u00e9 sur les montants per\u00e7us \u00e0 ce titre?<\/div>\n        <div class=\"content_code\"><br \/>\nOui, les montants per\u00e7us au titre de la pension alimentaire sont consid\u00e9r\u00e9s comme des revenus imposables et sont tax\u00e9s \u00e0 titre de \u00ab\u00a0revenu divers\u00a0\u00bb \u00e0 concurrence de 80%.<\/p>\n<p>Cela signifie que 80% des montants per\u00e7us \u00e0 titre de rente doivent \u00eatre ajout\u00e9s aux autres revenus taxables du b\u00e9n\u00e9ficiaire. L&rsquo;ensemble des revenus ainsi d\u00e9finis seront ensuite tax\u00e9s par tranche suivant des taux progressifs.<\/p>\n<p><\/div><div class=\"title_code\">Je suis c\u00e9libataire, puis-je n\u00e9anmoins \u00eatre candidat(e) \u00e0 l'adoption?<\/div>\n        <div class=\"content_code\"><\/p>\n<p>Oui. La loi d\u00e9fini les personnes pouvant pr\u00e9tendre \u00e0 l&rsquo;adoption comme \u00e9tant soit une personne, soit des \u00e9poux, ou des cohabitants (article 343 \u00a71 a) C. civ.).<\/p>\n<p><\/div><div class=\"title_code\">L'adoption est-elle r\u00e9serv\u00e9e aux seuls couples h\u00e9t\u00e9rosexuels?<\/div>\n        <div class=\"content_code\"><br \/>\nNon, les couples homosexuels peuvent tout \u00e0 fait pr\u00e9tendre \u00e0 l&rsquo;adoption en Belgique.<\/p>\n<p>La loi du 18 mai 2006 a supprim\u00e9 la diff\u00e9rence de sexe comme condition de l&rsquo;adoption dans le chef des candidats \u00e0 l&rsquo;adoption: deux personnes mari\u00e9es ou cohabitantes homosexuelles et souhaitant adopter conjointement peuvent poser leur candidature.<br \/>\n<\/div><\/p>\n","protected":false},"excerpt":{"rendered":"","protected":false},"author":1,"featured_media":0,"parent":0,"menu_order":0,"comment_status":"closed","ping_status":"closed","template":"","meta":{"_acf_changed":false,"footnotes":""},"class_list":["post-15","page","type-page","status-publish","hentry"],"acf":[],"_links":{"self":[{"href":"https:\/\/www.avocat-vdb.be\/fr\/wp-json\/wp\/v2\/pages\/15","targetHints":{"allow":["GET"]}}],"collection":[{"href":"https:\/\/www.avocat-vdb.be\/fr\/wp-json\/wp\/v2\/pages"}],"about":[{"href":"https:\/\/www.avocat-vdb.be\/fr\/wp-json\/wp\/v2\/types\/page"}],"author":[{"embeddable":true,"href":"https:\/\/www.avocat-vdb.be\/fr\/wp-json\/wp\/v2\/users\/1"}],"replies":[{"embeddable":true,"href":"https:\/\/www.avocat-vdb.be\/fr\/wp-json\/wp\/v2\/comments?post=15"}],"version-history":[{"count":14,"href":"https:\/\/www.avocat-vdb.be\/fr\/wp-json\/wp\/v2\/pages\/15\/revisions"}],"predecessor-version":[{"id":273,"href":"https:\/\/www.avocat-vdb.be\/fr\/wp-json\/wp\/v2\/pages\/15\/revisions\/273"}],"wp:attachment":[{"href":"https:\/\/www.avocat-vdb.be\/fr\/wp-json\/wp\/v2\/media?parent=15"}],"curies":[{"name":"wp","href":"https:\/\/api.w.org\/{rel}","templated":true}]}}