{"id":13,"date":"2015-11-18T15:03:24","date_gmt":"2015-11-18T14:03:24","guid":{"rendered":"http:\/\/www.avocat-vdb.be\/_new2015\/?page_id=13"},"modified":"2026-03-18T17:29:38","modified_gmt":"2026-03-18T16:29:38","slug":"contact","status":"publish","type":"page","link":"https:\/\/www.avocat-vdb.be\/fr\/contact\/","title":{"rendered":"Contact"},"content":{"rendered":"<p>&nbsp;<\/p>\n<p><img loading=\"lazy\" decoding=\"async\" class=\"alignright wp-image-1072\" src=\"https:\/\/www.avocat-vdb.be\/wp-content\/uploads\/avocat-divorce-bruxelles.jpg\" alt=\"Avocat divorce bruxelles\" width=\"339\" height=\"339\" srcset=\"https:\/\/www.avocat-vdb.be\/wp-content\/uploads\/avocat-divorce-bruxelles.jpg 1022w, https:\/\/www.avocat-vdb.be\/wp-content\/uploads\/avocat-divorce-bruxelles-350x350.jpg 350w, https:\/\/www.avocat-vdb.be\/wp-content\/uploads\/avocat-divorce-bruxelles-150x150.jpg 150w, https:\/\/www.avocat-vdb.be\/wp-content\/uploads\/avocat-divorce-bruxelles-768x766.jpg 768w, https:\/\/www.avocat-vdb.be\/wp-content\/uploads\/avocat-divorce-bruxelles-60x60.jpg 60w, https:\/\/www.avocat-vdb.be\/wp-content\/uploads\/avocat-divorce-bruxelles-95x95.jpg 95w, https:\/\/www.avocat-vdb.be\/wp-content\/uploads\/avocat-divorce-bruxelles-200x200.jpg 200w\" sizes=\"auto, (max-width: 339px) 100vw, 339px\" \/><\/p>\n<p>Me Van den Bossche vous re\u00e7oit sur rendez-vous \u00e0 l&rsquo;adresse suivante:<\/p>\n<p><strong>CABINET VDBLEX<br \/>\n<\/strong>Avenue Louise 137 &#8211; boite 6 | 1050 Bruxelles | Belgique<br \/>\nT\u00e9l : 02 346 81 69<br \/>\nFax : 02 344 11 21<br \/>\nE-mail: <strong><a href=\"mailto:info@avocat-vdb.be\">info@avocat-vdb.be<\/a><\/strong><\/p>\n<p>Ligne de tram 94 \u00ab\u00a0direction Mus\u00e9e du Tram\u00a0\u00bb, descendre arr\u00eat Defacqz (5 m du cabinet).<\/p>\n<p>Parking St\u00e9phanie &#8211; Louise &#8211; \u00ab\u00a0Wiltcher&rsquo;s\u00a0\u00bb situ\u00e9 au 83 avenue Louise (100m du cabinet).<\/p>\n<p>Vous pouvez m&rsquo;appeler, m&rsquo;envoyer un e-mail, ou remplir ce formulaire de contact :<\/p>\n\n<div class=\"wpcf7 no-js\" id=\"wpcf7-f59-o1\" lang=\"fr-FR\" dir=\"ltr\" data-wpcf7-id=\"59\">\n<div class=\"screen-reader-response\"><p role=\"status\" aria-live=\"polite\" aria-atomic=\"true\"><\/p> <ul><\/ul><\/div>\n<form action=\"\/fr\/wp-json\/wp\/v2\/pages\/13#wpcf7-f59-o1\" method=\"post\" class=\"wpcf7-form init\" aria-label=\"Formulaire de contact\" novalidate=\"novalidate\" data-status=\"init\">\n<fieldset class=\"hidden-fields-container\"><input type=\"hidden\" name=\"_wpcf7\" value=\"59\" \/><input type=\"hidden\" name=\"_wpcf7_version\" value=\"6.1.5\" \/><input type=\"hidden\" name=\"_wpcf7_locale\" value=\"fr_FR\" \/><input type=\"hidden\" name=\"_wpcf7_unit_tag\" value=\"wpcf7-f59-o1\" \/><input type=\"hidden\" name=\"_wpcf7_container_post\" value=\"0\" \/><input type=\"hidden\" name=\"_wpcf7_posted_data_hash\" value=\"\" \/><input type=\"hidden\" name=\"_wpcf7_recaptcha_response\" value=\"\" \/>\n<\/fieldset>\n<p>Nom *\n<\/p>\n<p><span class=\"wpcf7-form-control-wrap\" data-name=\"your-name\"><input size=\"40\" maxlength=\"400\" class=\"wpcf7-form-control wpcf7-text wpcf7-validates-as-required\" aria-required=\"true\" aria-invalid=\"false\" value=\"\" type=\"text\" name=\"your-name\" \/><\/span>\n<\/p>\n<p>Pr\u00e9nom *\n<\/p>\n<p><span class=\"wpcf7-form-control-wrap\" data-name=\"prenom\"><input size=\"40\" maxlength=\"400\" class=\"wpcf7-form-control wpcf7-text wpcf7-validates-as-required\" aria-required=\"true\" aria-invalid=\"false\" value=\"\" type=\"text\" name=\"prenom\" \/><\/span>\n<\/p>\n<p>E-mail *\n<\/p>\n<p><span class=\"wpcf7-form-control-wrap\" data-name=\"your-email\"><input size=\"40\" maxlength=\"400\" class=\"wpcf7-form-control wpcf7-email wpcf7-validates-as-required wpcf7-text wpcf7-validates-as-email\" aria-required=\"true\" aria-invalid=\"false\" value=\"\" type=\"email\" name=\"your-email\" \/><\/span>\n<\/p>\n<p>T\u00e9l\u00e9phone*\n<\/p>\n<p><span class=\"wpcf7-form-control-wrap\" data-name=\"phone\"><input size=\"40\" maxlength=\"400\" class=\"wpcf7-form-control wpcf7-text wpcf7-validates-as-required\" aria-required=\"true\" aria-invalid=\"false\" value=\"\" type=\"text\" name=\"phone\" \/><\/span>\n<\/p>\n<p>Sujet\n<\/p>\n<p><span class=\"wpcf7-form-control-wrap\" data-name=\"your-subject\"><input size=\"40\" maxlength=\"400\" class=\"wpcf7-form-control wpcf7-text wpcf7-validates-as-required\" aria-required=\"true\" aria-invalid=\"false\" value=\"\" type=\"text\" name=\"your-subject\" \/><\/span>\n<\/p>\n<p>Votre message\n<\/p>\n<p><span class=\"wpcf7-form-control-wrap\" data-name=\"your-message\"><textarea cols=\"40\" rows=\"10\" maxlength=\"2000\" class=\"wpcf7-form-control wpcf7-textarea wpcf7-validates-as-required\" aria-required=\"true\" aria-invalid=\"false\" name=\"your-message\"><\/textarea><\/span>\n<\/p>\n<p>This site is protected by reCAPTCHA and the Google <a href=\"https:\/\/policies.google.com\/privacy\">Privacy Policy<\/a> and <a href=\"https:\/\/policies.google.com\/terms\">Terms of Service<\/a> apply.\n<\/p>\n<p><input class=\"wpcf7-form-control wpcf7-submit has-spinner\" type=\"submit\" value=\"Envoyer\" \/>\n<\/p><p style=\"display: none !important;\" class=\"akismet-fields-container\" data-prefix=\"_wpcf7_ak_\"><label>&#916;<textarea name=\"_wpcf7_ak_hp_textarea\" cols=\"45\" rows=\"8\" maxlength=\"100\"><\/textarea><\/label><input type=\"hidden\" id=\"ak_js_1\" name=\"_wpcf7_ak_js\" value=\"47\"\/><script type=\"text\/javascript\">\n\/* <![CDATA[ *\/\ndocument.getElementById( \"ak_js_1\" ).setAttribute( \"value\", ( new Date() ).getTime() );\n\/* ]]> *\/\n<\/script>\n<\/p><div class=\"wpcf7-response-output\" aria-hidden=\"true\"><\/div>\n<\/form>\n<\/div>\n\n<p><a href=\"https:\/\/www.google.com\/maps\/place\/Av.+Louise+137,+1050+Bruxelles\/@50.8293371,4.3581552,16.69z\/data=!4m6!3m5!1s0x47c3c48b9d5eb815:0x1a084b2e3909d1dd!8m2!3d50.8293529!4d4.3612688!16s%2Fg%2F11pw1yynq_?entry=ttu&amp;g_ep=EgoyMDI2MDMxNS4wIKXMDSoASAFQAw%3D%3D\" target=\"_blank\" rel=\"noopener\"><img loading=\"lazy\" decoding=\"async\" class=\"alignright wp-image-1103 size-large\" src=\"https:\/\/www.avocat-vdb.be\/wp-content\/uploads\/01-3-1024x529.png\" alt=\"\" width=\"1024\" height=\"529\" srcset=\"https:\/\/www.avocat-vdb.be\/wp-content\/uploads\/01-3-1024x529.png 1024w, https:\/\/www.avocat-vdb.be\/wp-content\/uploads\/01-3-350x181.png 350w, https:\/\/www.avocat-vdb.be\/wp-content\/uploads\/01-3-768x397.png 768w, https:\/\/www.avocat-vdb.be\/wp-content\/uploads\/01-3.png 1123w\" sizes=\"auto, (max-width: 1024px) 100vw, 1024px\" \/><\/a><\/p>\n<p>&nbsp;<\/p>\n","protected":false},"excerpt":{"rendered":"<p>&nbsp; Me Van den Bossche vous re\u00e7oit sur rendez-vous \u00e0 l&rsquo;adresse suivante: CABINET VDBLEX Avenue Louise 137 &#8211; boite 6 | 1050 Bruxelles | Belgique T\u00e9l : 02 346 81 69 Fax : 02 344 11 21 E-mail: info@avocat-vdb.be Ligne de tram 94 \u00ab\u00a0direction Mus\u00e9e du Tram\u00a0\u00bb, descendre arr\u00eat Defacqz (5 m du cabinet). Parking [&hellip;]<\/p>\n","protected":false},"author":1,"featured_media":0,"parent":0,"menu_order":0,"comment_status":"closed","ping_status":"closed","template":"","meta":{"_acf_changed":false,"footnotes":""},"class_list":["post-13","page","type-page","status-publish","hentry"],"acf":[],"_links":{"self":[{"href":"https:\/\/www.avocat-vdb.be\/fr\/wp-json\/wp\/v2\/pages\/13","targetHints":{"allow":["GET"]}}],"collection":[{"href":"https:\/\/www.avocat-vdb.be\/fr\/wp-json\/wp\/v2\/pages"}],"about":[{"href":"https:\/\/www.avocat-vdb.be\/fr\/wp-json\/wp\/v2\/types\/page"}],"author":[{"embeddable":true,"href":"https:\/\/www.avocat-vdb.be\/fr\/wp-json\/wp\/v2\/users\/1"}],"replies":[{"embeddable":true,"href":"https:\/\/www.avocat-vdb.be\/fr\/wp-json\/wp\/v2\/comments?post=13"}],"version-history":[{"count":38,"href":"https:\/\/www.avocat-vdb.be\/fr\/wp-json\/wp\/v2\/pages\/13\/revisions"}],"predecessor-version":[{"id":1105,"href":"https:\/\/www.avocat-vdb.be\/fr\/wp-json\/wp\/v2\/pages\/13\/revisions\/1105"}],"wp:attachment":[{"href":"https:\/\/www.avocat-vdb.be\/fr\/wp-json\/wp\/v2\/media?parent=13"}],"curies":[{"name":"wp","href":"https:\/\/api.w.org\/{rel}","templated":true}]}}