{"id":111,"date":"2016-04-10T17:01:27","date_gmt":"2016-04-10T16:01:27","guid":{"rendered":"http:\/\/www.avocat-vdb.be\/_new2015\/?page_id=111"},"modified":"2018-02-09T17:41:41","modified_gmt":"2018-02-09T16:41:41","slug":"liquidation-du-regime-matrimonial-apres-divorce","status":"publish","type":"page","link":"https:\/\/www.avocat-vdb.be\/fr\/domaines-dintervention\/liquidation-du-regime-matrimonial-apres-divorce\/","title":{"rendered":"Liquidation du r\u00e9gime matrimonial apr\u00e8s divorce"},"content":{"rendered":"<h2>LIQUIDATION DU R\u00c9GIME MATRIMONIAL APR\u00c8S DIVORCE<\/h2>\n<p>La dissolution du mariage oblige les ex-\u00e9poux \u00e0 s\u2019accorder sur le <strong><span style=\"text-decoration: underline;\">partage de leurs dettes et patrimoine<\/span><\/strong>.<\/p>\n<p>La loi privil\u00e9gie le partage amiable qui ne requiert aucune forme sauf en pr\u00e9sence d\u2019immeubles.<\/p>\n<p>&nbsp;<\/p>\n<h2>Un partage judiciaire \u00e0 d\u00e9faut d&rsquo;accord<\/h2>\n<p>Si les parties ne s\u2019accordent pas, le partage est alors <strong><span style=\"text-decoration: underline;\">judiciaire<\/span><\/strong> . Un notaire, g\u00e9n\u00e9ralement <span style=\"text-decoration: underline;\"><strong>d\u00e9sign\u00e9 dans le jugement de divorce<\/strong><\/span> par le tribunal de la famille, \u00e0 la demande de l\u2019une ou des deux parties, est charg\u00e9 de proc\u00e9der \u00e0 la liquidation et au partage du r\u00e9gime matrimonial des ex-\u00e9poux.<\/p>\n<p>&nbsp;<\/p>\n<h2>Ouverture des op\u00e9rations de liquidation par le notaire<\/h2>\n<p>C\u2019est <strong><span style=\"text-decoration: underline;\">\u00e0 l\u2019initiative de la partie la plus diligente<\/span> <\/strong>de requ\u00e9rir le notaire d\u00e9sign\u00e9 en vue qu\u2019il <strong><span style=\"text-decoration: underline;\">convoque\u00a0les parties \u00e0 l\u2019ouverture des op\u00e9rations<\/span> <\/strong>qui doit avoir lieu <strong><span style=\"text-decoration: underline;\">dans les deux mois suivant sa r\u00e9quisition<\/span><\/strong>, sauf accord contraire des parties et du notaire. <span style=\"text-decoration: underline;\"><strong>Le notaire doit fixer d\u2019office une r\u00e9union dans le d\u00e9lai, sous peine de sanctions.<\/strong><\/span><\/p>\n<p>Lors de cette r\u00e9union, un <strong><span style=\"text-decoration: underline;\">proc\u00e8s-verbal d\u2019ouverture des op\u00e9rations<\/span><\/strong> est dress\u00e9.<\/p>\n<p>Il sera exceptionnellement cl\u00f4tur\u00e9 lors d\u2019une r\u00e9union suivante fix\u00e9e par lenotaire dans un <strong><span style=\"text-decoration: underline;\">d\u00e9lai cons\u00e9cutif de deux mois<\/span><\/strong>, \u00e0 nouveau sauf accord contraire des parties et du notaire.<\/p>\n<p>Toutefois, il est d\u2019usage qu<strong><span style=\"text-decoration: underline;\">\u2019avant cette premi\u00e8re r\u00e9union officielle<\/span><\/strong>, des contacts aient lieu entre le notaire et les parties afin de sonder pr\u00e9alablement les parties sur leurs intentions respectives. Une <strong><span style=\"text-decoration: underline;\">r\u00e9union informelle pr\u00e9alable<\/span><\/strong> peut \u00e9galement \u00eatre organis\u00e9e. Le notaire a en effet, de part la loi, une <strong><span style=\"text-decoration: underline;\">mission de tenter de concilier les parties \u00e0 tout moment de la proc\u00e9dure<\/span><\/strong>.<\/p>\n<p>&nbsp;<\/p>\n<h2>Sortie d&rsquo;indivision: mission principale du notaire<\/h2>\n<p>La <span style=\"text-decoration: underline;\"><strong>sortie d\u2019indivision<\/strong><\/span> est la <strong><span style=\"text-decoration: underline;\">mission principale du notaire<\/span><\/strong>, qui va dresser un <strong><span style=\"text-decoration: underline;\">\u00e9tat liquidatif (d\u00e9termination des droits des parties)<\/span><\/strong> contenant le\u00a0<strong><span style=\"text-decoration: underline;\">projet de partage\u00a0<\/span><\/strong>(allotissements), soumis aux parties suivant une proc\u00e9dure pr\u00e9cis\u00e9e \u00e0 chaque stade par le Code judiciaire.<\/p>\n<p>Le notaire dresse ainsi <strong><span style=\"text-decoration: underline;\">les comptes<\/span><\/strong> que les parties peuvent se devoir, <strong><span style=\"text-decoration: underline;\">arr\u00eate la masse \u00e0 partager<\/span><\/strong>, compose les lots et les attribue \u00e0 chaque partie.<\/p>\n<p>Dans l\u2019\u00e9tat liquidatif, le notaire est <strong><span style=\"text-decoration: underline;\">tenu de respecter les accords partiels ou globaux intervenus<\/span><\/strong>, aussi bien ceux homologu\u00e9s par le juge, que ceux act\u00e9s devant lui par proc\u00e8s-verbal. Si un tel accord porte sur la vente d\u2019un bien, il autorise le notaire \u00e0 y proc\u00e9der d\u00e8s qu\u2019il en est requis par au moins une partie.<\/p>\n<p>Le notaire peut proc\u00e9der \u00e0 l\u2019<strong><span style=\"text-decoration: underline;\">estimation des biens<\/span><\/strong> \u00e0 partager si les parties le lui demandent et s\u2019il y consent. Cela dispense d\u2019expertise. En pareil cas, les parties conviennent si elles souhaitent \u00eatre li\u00e9es par cette expertise ou non.<\/p>\n<p>&nbsp;<\/p>\n<h2>L&rsquo;inventaire: \u00e9l\u00e9ment centrale de la liquidation<\/h2>\n<p><span style=\"text-decoration: underline;\"><strong>L\u2019inventaire<\/strong><\/span> est une condition l\u00e9gale de la liquidation et l\u2019\u00e9l\u00e9ment central de celle-ci. A d\u00e9faut, toute partie interess\u00e9e peut \u00e9tablir la consistance du patrimoine par toutes voies de droit.<\/p>\n<p>Outre les informations transmises par les parties, <span style=\"text-decoration: underline;\"><strong>le notaire peut demander tous renseignements qu\u2019il estime pertinents aux parties ou \u00e0 des tiers<\/strong> <\/span>(organismes bancaires par exemple). <strong><span style=\"text-decoration: underline;\">\u00c0 d\u00e9faut de r\u00e9ponse, il peut saisir le tribunal<\/span> <\/strong>par proc\u00e8s-verbal interm\u00e9diaire pour entendre <strong><span style=\"text-decoration: underline;\">ordonn\u00e9e la production des renseignements sollicit\u00e9s, le cas \u00e9ch\u00e9ant sous astreinte<\/span><\/strong>.<\/p>\n<p>&nbsp;<\/p>\n<h2>Le faux serment entra\u00eene des sanctions p\u00e9nales et civiles<\/h2>\n<p>Au terme de l\u2019inventaire, un <strong><span style=\"text-decoration: underline;\">serment de v\u00e9racit\u00e9 des d\u00e9clarations et de non-dissimulation ni d\u00e9tournement<\/span><\/strong> est pr\u00eat\u00e9 par les parties qui ont \u00e9t\u00e9 en possession des objets d\u00e9pendant des op\u00e9rations de liquidation-partage et\/ou qui ont habit\u00e9 les lieux. Le notaire les avertit au pr\u00e9alable des <strong><span style=\"text-decoration: underline;\">sanctions p\u00e9nales et civiles (recel) attach\u00e9es au faux serment<\/span><\/strong>. Le refus de pr\u00eater serment ne compromet pas l\u2019\u00e9coulement des d\u00e9lais l\u00e9gaux.<\/p>\n<p>&nbsp;<\/p>\n","protected":false},"excerpt":{"rendered":"<p>LIQUIDATION DU R\u00c9GIME MATRIMONIAL APR\u00c8S DIVORCE La dissolution du mariage oblige les ex-\u00e9poux \u00e0 s\u2019accorder sur le partage de leurs dettes et patrimoine. La loi privil\u00e9gie le partage amiable qui ne requiert aucune forme sauf en pr\u00e9sence d\u2019immeubles. &nbsp; Un partage judiciaire \u00e0 d\u00e9faut d&rsquo;accord Si les parties ne s\u2019accordent pas, le partage est alors [&hellip;]<\/p>\n","protected":false},"author":1,"featured_media":112,"parent":21,"menu_order":0,"comment_status":"closed","ping_status":"closed","template":"","meta":{"_acf_changed":false,"footnotes":""},"class_list":["post-111","page","type-page","status-publish","has-post-thumbnail","hentry"],"acf":[],"_links":{"self":[{"href":"https:\/\/www.avocat-vdb.be\/fr\/wp-json\/wp\/v2\/pages\/111","targetHints":{"allow":["GET"]}}],"collection":[{"href":"https:\/\/www.avocat-vdb.be\/fr\/wp-json\/wp\/v2\/pages"}],"about":[{"href":"https:\/\/www.avocat-vdb.be\/fr\/wp-json\/wp\/v2\/types\/page"}],"author":[{"embeddable":true,"href":"https:\/\/www.avocat-vdb.be\/fr\/wp-json\/wp\/v2\/users\/1"}],"replies":[{"embeddable":true,"href":"https:\/\/www.avocat-vdb.be\/fr\/wp-json\/wp\/v2\/comments?post=111"}],"version-history":[{"count":6,"href":"https:\/\/www.avocat-vdb.be\/fr\/wp-json\/wp\/v2\/pages\/111\/revisions"}],"predecessor-version":[{"id":515,"href":"https:\/\/www.avocat-vdb.be\/fr\/wp-json\/wp\/v2\/pages\/111\/revisions\/515"}],"up":[{"embeddable":true,"href":"https:\/\/www.avocat-vdb.be\/fr\/wp-json\/wp\/v2\/pages\/21"}],"wp:featuredmedia":[{"embeddable":true,"href":"https:\/\/www.avocat-vdb.be\/fr\/wp-json\/wp\/v2\/media\/112"}],"wp:attachment":[{"href":"https:\/\/www.avocat-vdb.be\/fr\/wp-json\/wp\/v2\/media?parent=111"}],"curies":[{"name":"wp","href":"https:\/\/api.w.org\/{rel}","templated":true}]}}