{"id":11,"date":"2015-11-18T15:03:06","date_gmt":"2015-11-18T14:03:06","guid":{"rendered":"http:\/\/www.avocat-vdb.be\/_new2015\/?page_id=11"},"modified":"2022-03-14T15:40:55","modified_gmt":"2022-03-14T14:40:55","slug":"honoraires","status":"publish","type":"page","link":"https:\/\/www.avocat-vdb.be\/fr\/honoraires\/","title":{"rendered":"Honoraires"},"content":{"rendered":"<h2><img loading=\"lazy\" decoding=\"async\" class=\"size-full wp-image-52 alignright\" src=\"https:\/\/www.avocat-vdb.be\/wp-content\/uploads\/photopageaccueil.jpg\" alt=\"photopageaccueil\" width=\"225\" height=\"337\" srcset=\"https:\/\/www.avocat-vdb.be\/wp-content\/uploads\/photopageaccueil.jpg 225w, https:\/\/www.avocat-vdb.be\/wp-content\/uploads\/photopageaccueil-200x300.jpg 200w\" sizes=\"auto, (max-width: 225px) 100vw, 225px\" \/>Des honoraires transparents<\/h2>\n<p>L&rsquo;objectif de la pr\u00e9sente rubrique est d&rsquo;instaurer la plus grande transparence dans les relations entre l&rsquo;avocat et ses clients, conform\u00e9ment au r\u00e8glement de l&rsquo;Ordre fran\u00e7ais des avocats du Barreau de Bruxelles du 10.02.2004, et au r\u00e8glement de l&rsquo;Ordre des Barreaux francophones et germanophones du 27.11.2004.<\/p>\n<p>Les modalit\u00e9s d&rsquo;\u00e9tablissement des frais et honoraires de Ma\u00eetre Van den Bossche sont fond\u00e9es sur la <strong>transparence<\/strong>.<\/p>\n<p>Le taux horaire est fix\u00e9 en fonction de la nature, du degr\u00e9 de complexit\u00e9 de l&rsquo;affaire, et de l&rsquo;urgence \u00e9ventuelle. Il est fix\u00e9 de commun accord avec le client lors de la 1\u00e8re consultation.<\/p>\n<p>Avant toute intervention dans un nouveau dossier, une <strong>convention sur honoraires<\/strong> sera sign\u00e9e avec le client, qui expose notamment la mission de l&rsquo;avocat, le taux horaire et les frais qui seront appliqu\u00e9s et qui ont \u00e9t\u00e9 convenus lors de cette 1\u00e8re consultation.<\/p>\n<h2>Que couvrent les honoraires?<\/h2>\n<p><strong>Les honoraires couvrent les prestations et les devoirs accomplis par l&rsquo;avocat.<\/strong><\/p>\n<p>Ils incluent toutes les prestations telles que la plaidoirie, l&rsquo;\u00e9tude et la gestion du dossier, l&rsquo;\u00e9change de correspondances, la r\u00e9daction d&rsquo;actes de proc\u00e9dure, la r\u00e9daction de conventions, de courriers, les r\u00e9unions de n\u00e9gociation, les entretiens, les recherches en doctrine et jurisprudence, les consultations et avis juridiques \u00e9crits, les d\u00e9placements.<\/p>\n<p>Les communications t\u00e9l\u00e9phoniques et par e-mail sont comptabilis\u00e9es, de m\u00eame que les d\u00e9placements et les temps d&rsquo;attente dans les salles d&rsquo;audience.<\/p>\n<p>Les honoraires <strong>ne comprennent pas les frais de justice et de d\u00e9bours<\/strong> lesquels viennent en sus et sont notamment: les frais huissiers, frais de greffe, documents administratifs et d&rsquo;\u00e9tat civil, frais de traduction, renseignements demand\u00e9s au registre national. Ces frais sont \u00e0 r\u00e9gler par le client directement, leur r\u00e8glement n&rsquo;incombe en aucun cas \u00e0 l&rsquo;avocat en charge du dossier.<\/p>\n","protected":false},"excerpt":{"rendered":"<p>Des honoraires transparents L&rsquo;objectif de la pr\u00e9sente rubrique est d&rsquo;instaurer la plus grande transparence dans les relations entre l&rsquo;avocat et ses clients, conform\u00e9ment au r\u00e8glement de l&rsquo;Ordre fran\u00e7ais des avocats du Barreau de Bruxelles du 10.02.2004, et au r\u00e8glement de l&rsquo;Ordre des Barreaux francophones et germanophones du 27.11.2004. Les modalit\u00e9s d&rsquo;\u00e9tablissement des frais et honoraires [&hellip;]<\/p>\n","protected":false},"author":1,"featured_media":0,"parent":0,"menu_order":0,"comment_status":"closed","ping_status":"closed","template":"","meta":{"_acf_changed":false,"footnotes":""},"class_list":["post-11","page","type-page","status-publish","hentry"],"acf":[],"_links":{"self":[{"href":"https:\/\/www.avocat-vdb.be\/fr\/wp-json\/wp\/v2\/pages\/11","targetHints":{"allow":["GET"]}}],"collection":[{"href":"https:\/\/www.avocat-vdb.be\/fr\/wp-json\/wp\/v2\/pages"}],"about":[{"href":"https:\/\/www.avocat-vdb.be\/fr\/wp-json\/wp\/v2\/types\/page"}],"author":[{"embeddable":true,"href":"https:\/\/www.avocat-vdb.be\/fr\/wp-json\/wp\/v2\/users\/1"}],"replies":[{"embeddable":true,"href":"https:\/\/www.avocat-vdb.be\/fr\/wp-json\/wp\/v2\/comments?post=11"}],"version-history":[{"count":12,"href":"https:\/\/www.avocat-vdb.be\/fr\/wp-json\/wp\/v2\/pages\/11\/revisions"}],"predecessor-version":[{"id":781,"href":"https:\/\/www.avocat-vdb.be\/fr\/wp-json\/wp\/v2\/pages\/11\/revisions\/781"}],"wp:attachment":[{"href":"https:\/\/www.avocat-vdb.be\/fr\/wp-json\/wp\/v2\/media?parent=11"}],"curies":[{"name":"wp","href":"https:\/\/api.w.org\/{rel}","templated":true}]}}